{"id":313,"date":"2022-04-30T14:27:39","date_gmt":"2022-04-30T12:27:39","guid":{"rendered":"https:\/\/ormoprint.gmeiner.de\/?page_id=313"},"modified":"2022-08-02T17:15:16","modified_gmt":"2022-08-02T15:15:16","slug":"ormoglass-hst-pruefstift","status":"publish","type":"page","link":"https:\/\/www.ormoprint.de\/de\/ormoglass\/ormoglass-hst-pruefstift\/","title":{"rendered":"ORMOGLASS HST Pr\u00fcfstift"},"content":{"rendered":"<p>[et_pb_section fb_built=&#8220;1&#8243; custom_padding_last_edited=&#8220;on|desktop&#8220; admin_label=&#8220;Hero&#8220; _builder_version=&#8220;4.17.6&#8243; _module_preset=&#8220;default&#8220; background_enable_color=&#8220;off&#8220; use_background_color_gradient=&#8220;on&#8220; background_color_gradient_stops=&#8220;rgba(216,246,255,0.29) 1%|rgba(14,14,53,0.31) 100%&#8220; background_color_gradient_overlays_image=&#8220;on&#8220; background_image=&#8220;https:\/\/www.ormoprint.de\/wp-content\/uploads\/2022\/07\/ORMOGLASS-HSTBanner-scaled.webp&#8220; background_position=&#8220;center_right&#8220; width_tablet=&#8220;&#8220; width_phone=&#8220;100%&#8220; width_last_edited=&#8220;on|phone&#8220; max_width=&#8220;100%&#8220; min_height_tablet=&#8220;&#8220; min_height_phone=&#8220;100px&#8220; min_height_last_edited=&#8220;on|phone&#8220; height_tablet=&#8220;&#8220; height_phone=&#8220;&#8220; height_last_edited=&#8220;on|phone&#8220; custom_padding=&#8220;50px||50px||true|false&#8220; custom_padding_tablet=&#8220;10px||10px||true|false&#8220; custom_padding_phone=&#8220;10px||10px||true|false&#8220; animation_style=&#8220;zoom&#8220; animation_intensity_zoom=&#8220;4%&#8220; hover_enabled=&#8220;0&#8243; saved_tabs=&#8220;all&#8220; global_colors_info=&#8220;{}&#8220; title_text=&#8220;ORMOGLASS HST Pr\u00fcfstift Banner&#8220; background_last_edited=&#8220;on|phone&#8220; sticky_enabled=&#8220;0&#8243; background_image_tablet=&#8220;https:\/\/www.ormoprint.de\/wp-content\/uploads\/2022\/07\/ORMOGLASS-HSTBanner-1200&#215;651.webp&#8220; background_enable_image_tablet=&#8220;on&#8220; background_image_phone=&#8220;https:\/\/www.ormoprint.de\/wp-content\/uploads\/2022\/07\/ORMOGLASS-HSTBanner-1200&#215;651.webp&#8220; background_enable_image_phone=&#8220;on&#8220;][et_pb_row _builder_version=&#8220;4.17.4&#8243; _module_preset=&#8220;default&#8220; custom_margin_tablet=&#8220;&#8220; custom_margin_phone=&#8220;30px||||false|false&#8220; custom_margin_last_edited=&#8220;on|phone&#8220; global_colors_info=&#8220;{}&#8220;][et_pb_column type=&#8220;4_4&#8243; _builder_version=&#8220;4.17.3&#8243; _module_preset=&#8220;default&#8220; global_colors_info=&#8220;{}&#8220;][et_pb_text content_tablet=&#8220;<\/p>\n<h1><strong>ORMOSOL  Metallic<\/strong><\/h1>\n<p>&#8220; content_phone=&#8220;<\/p>\n<h2><strong>ORMOSOL Metallic<\/strong><\/h2>\n<p>&#8220; content_last_edited=&#8220;off|desktop&#8220; _builder_version=&#8220;4.17.6&#8243; _module_preset=&#8220;default&#8220; text_font=&#8220;|||||on|||&#8220; header_font=&#8220;||||||||&#8220; header_text_color=&#8220;#F7F7F2&#8243; header_font_size=&#8220;60px&#8220; header_letter_spacing=&#8220;1px&#8220; text_font_size_last_edited=&#8220;off|desktop&#8220; header_font_tablet=&#8220;|||||on|||&#8220; header_font_phone=&#8220;&#8220; header_font_last_edited=&#8220;on|tablet&#8220; header_font_size_tablet=&#8220;50px&#8220; header_font_size_phone=&#8220;45px&#8220; header_font_size_last_edited=&#8220;on|phone&#8220; header_2_font_tablet=&#8220;&#8220; header_2_font_phone=&#8220;||||||||&#8220; header_2_font_last_edited=&#8220;on|phone&#8220; header_text_shadow_style=&#8220;preset3&#8243; global_colors_info=&#8220;{}&#8220;]<\/p>\n<h1><strong>Ormoglass Hst Pr\u00fcfstift<\/strong><\/h1>\n<p>[\/et_pb_text][\/et_pb_column][\/et_pb_row][\/et_pb_section][et_pb_section fb_built=&#8220;1&#8243; custom_padding_last_edited=&#8220;on|phone&#8220; admin_label=&#8220;Case Study Text&#8220; _builder_version=&#8220;4.17.5&#8243; _module_preset=&#8220;default&#8220; min_height=&#8220;674px&#8220; custom_margin=&#8220;|||&#8220; custom_padding=&#8220;||200px||false|false&#8220; custom_padding_tablet=&#8220;||150px||false|false&#8220; custom_padding_phone=&#8220;||100px||false|false&#8220; saved_tabs=&#8220;all&#8220; global_colors_info=&#8220;{}&#8220;][et_pb_row column_structure=&#8220;3_5,2_5&#8243; custom_padding_last_edited=&#8220;on|phone&#8220; _builder_version=&#8220;4.17.4&#8243; _module_preset=&#8220;default&#8220; background_size=&#8220;initial&#8220; background_position=&#8220;top_left&#8220; background_repeat=&#8220;repeat&#8220; min_height=&#8220;559px&#8220; custom_margin=&#8220;|auto|2px|auto||&#8220; custom_padding=&#8220;80px|||||&#8220; custom_padding_tablet=&#8220;80px|||||&#8220; custom_padding_phone=&#8220;0px||||false|false&#8220; animation_style=&#8220;fade&#8220; animation_duration=&#8220;1300ms&#8220; animation_delay=&#8220;200ms&#8220; global_colors_info=&#8220;{}&#8220;][et_pb_column type=&#8220;3_5&#8243; _builder_version=&#8220;4.16&#8243; _module_preset=&#8220;default&#8220; custom_padding=&#8220;|||&#8220; global_colors_info=&#8220;{}&#8220; custom_padding__hover=&#8220;|||&#8220;][et_pb_text _builder_version=&#8220;4.17.6&#8243; _module_preset=&#8220;default&#8220; text_font=&#8220;Roboto Condensed||||||||&#8220; text_text_color=&#8220;#353740&#8243; text_font_size=&#8220;24px&#8220; text_line_height=&#8220;1.2em&#8220; header_font_size=&#8220;35px&#8220; background_size=&#8220;initial&#8220; background_position=&#8220;top_left&#8220; background_repeat=&#8220;repeat&#8220; text_orientation=&#8220;justified&#8220; width=&#8220;99.9%&#8220; width_tablet=&#8220;100%&#8220; width_phone=&#8220;99%&#8220; width_last_edited=&#8220;on|phone&#8220; max_width=&#8220;98%&#8220; min_height_tablet=&#8220;&#8220; min_height_phone=&#8220;&#8220; min_height_last_edited=&#8220;on|tablet&#8220; custom_margin=&#8220;|-295px||||&#8220; custom_margin_tablet=&#8220;|-295px||||&#8220; custom_margin_phone=&#8220;20px|0px|-2px||false|false&#8220; custom_margin_last_edited=&#8220;on|phone&#8220; custom_padding=&#8220;|0px|32px|||&#8220; custom_padding_tablet=&#8220;|0px|0px||false|false&#8220; custom_padding_phone=&#8220;|0px|0px||false|false&#8220; custom_padding_last_edited=&#8220;on|phone&#8220; animation_style=&#8220;flip&#8220; animation_intensity_flip=&#8220;20%&#8220; text_font_tablet=&#8220;Roboto Condensed||||||||&#8220; text_font_phone=&#8220;Roboto Condensed||||||||&#8220; text_font_last_edited=&#8220;on|desktop&#8220; text_text_color_tablet=&#8220;#353740&#8243; text_text_color_phone=&#8220;#353740&#8243; text_text_color_last_edited=&#8220;on|phone&#8220; text_font_size_tablet=&#8220;20px&#8220; text_font_size_phone=&#8220;18px&#8220; text_font_size_last_edited=&#8220;on|phone&#8220; header_font_size_tablet=&#8220;30px&#8220; header_font_size_phone=&#8220;25px&#8220; header_font_size_last_edited=&#8220;on|phone&#8220; text_orientation_tablet=&#8220;justified&#8220; text_orientation_phone=&#8220;left&#8220; text_orientation_last_edited=&#8220;on|tablet&#8220; module_alignment_tablet=&#8220;left&#8220; module_alignment_phone=&#8220;left&#8220; module_alignment_last_edited=&#8220;on|tablet&#8220; global_colors_info=&#8220;{}&#8220;]<\/p>\n<h1>Produktdetails<\/h1>\n<p>ORMOGLAS HST Pr\u00fcfstift ist ein l\u00f6semittelhaltiger Farblack f\u00fcr die \u00dcberpr\u00fcfung der Hitzebehandlung bei der Herstellung von ESC. HS.<\/p>\n<p>ORMOGLAS HST Pr\u00fcfstifte sind in der Anwendung sehr einfach.<br \/>F\u00fcr die korrekte Anwendung wird ein mit dem Pr\u00fcfstift ein violetter<br \/>Punkt auf dem Glas vor dem Tempern auf dem ESC aufgebracht, verf\u00e4rbt sich der Punkt hellblau beim tempern hat das Einscheibensicherheitsglas die korrekte Temperatur und Dauer im Heat Soak Test erreicht.<\/p>\n<p>ORMOGLAS HST Pr\u00fcfstifte sind Farbstoffbasiert.<\/p>\n<p>&nbsp;<\/p>\n<p>[\/et_pb_text][et_pb_text disabled_on=&#8220;off|off|off&#8220; _builder_version=&#8220;4.17.6&#8243; _module_preset=&#8220;default&#8220; custom_padding=&#8220;||8px|||&#8220; custom_padding_tablet=&#8220;||45px||false|false&#8220; custom_padding_phone=&#8220;||45px||false|false&#8220; custom_padding_last_edited=&#8220;on|tablet&#8220; text_font_size_tablet=&#8220;&#8220; text_font_size_phone=&#8220;15px&#8220; text_font_size_last_edited=&#8220;on|phone&#8220; global_colors_info=&#8220;{}&#8220;]<\/p>\n<p><strong>Weiterf\u00fchrende Dokumente zum downloaden:<\/strong><br \/><span style=\"color: #1a1924;\"><a href=\"https:\/\/ormoprint.de\/wp-content\/uploads\/2015\/08\/tmb_ormoglass_hst_pruefstift.pdf\" target=\"_blank\" rel=\"noopener\" style=\"color: #1a1924;\">Technisches Datenblatt<\/a><\/span><\/p>\n<p>[\/et_pb_text][\/et_pb_column][et_pb_column type=&#8220;2_5&#8243; _builder_version=&#8220;4.16&#8243; _module_preset=&#8220;default&#8220; custom_padding=&#8220;|||&#8220; global_colors_info=&#8220;{}&#8220; custom_padding__hover=&#8220;|||&#8220;][et_pb_text _builder_version=&#8220;4.17.5&#8243; _module_preset=&#8220;default&#8220; text_font=&#8220;||||||||&#8220; text_text_color=&#8220;#525252&#8243; text_font_size=&#8220;17px&#8220; header_font=&#8220;||||||||&#8220; header_2_font=&#8220;Merriweather Sans||||||||&#8220; header_4_font=&#8220;Montserrat|600|||||||&#8220; header_4_font_size=&#8220;20px&#8220; background_color=&#8220;rgba(34,39,37,0.05)&#8220; background_size=&#8220;initial&#8220; background_position=&#8220;top_left&#8220; background_repeat=&#8220;repeat&#8220; width=&#8220;80%&#8220; width_tablet=&#8220;100%&#8220; width_phone=&#8220;100%&#8220; width_last_edited=&#8220;on|phone&#8220; max_width_tablet=&#8220;70%&#8220; max_width_phone=&#8220;100%&#8220; max_width_last_edited=&#8220;on|tablet&#8220; custom_margin=&#8220;|||100px|false|false&#8220; custom_margin_tablet=&#8220;|0px|0px|0px|false|false&#8220; custom_margin_phone=&#8220;||||false|false&#8220; custom_margin_last_edited=&#8220;on|desktop&#8220; custom_padding=&#8220;30px|20px|30px|30px|true|false&#8220; custom_padding_tablet=&#8220;25px||25px|30px|true|false&#8220; custom_padding_phone=&#8220;25px||25px|30px|true|false&#8220; custom_padding_last_edited=&#8220;on|phone&#8220; animation_style=&#8220;fade&#8220; header_4_font_size_tablet=&#8220;20px&#8220; header_4_font_size_phone=&#8220;18px&#8220; header_4_font_size_last_edited=&#8220;on|phone&#8220; module_alignment_tablet=&#8220;center&#8220; module_alignment_phone=&#8220;center&#8220; module_alignment_last_edited=&#8220;on|tablet&#8220; locked=&#8220;off&#8220; global_colors_info=&#8220;{}&#8220;]<\/p>\n<h4><strong>Produktdetails<\/strong><\/h4>\n<p><strong>Chemische Charakterisierung:<\/strong><br \/>Hybridfarbe<\/p>\n<p><strong>Bevorzugte Substrate:<\/strong><br \/><span>Flachglas nach dem Vorspannen, <\/span><span>vor dem Heat Soak Test<\/span><\/p>\n<p><strong>Typische Auftragstechnik:<\/strong><br \/><span>Filzstift<\/span><\/p>\n<p><strong>Anwendungseigenschaften:<\/strong><br \/><span>&#8211;<\/span><\/p>\n<p><strong>H\u00e4rtung:<\/strong><br \/><span>durch Heat Soak Test<\/span><\/p>\n<p><strong>Schicht:<\/strong><br \/><span>Farbwechsel von Violett zu Hellblau durch korrekt durchgef\u00fchrten Heat Soak Test<\/span><\/p>\n<p><strong>Verf\u00fcgbare Farben:<\/strong><br \/>&#8211;<\/p>\n<p>[\/et_pb_text][\/et_pb_column][\/et_pb_row][et_pb_row custom_padding_last_edited=&#8220;on|tablet&#8220; admin_label=&#8220;Service Section Title&#8220; _builder_version=&#8220;4.17.5&#8243; _module_preset=&#8220;default&#8220; background_size=&#8220;initial&#8220; background_position=&#8220;top_left&#8220; background_repeat=&#8220;repeat&#8220; min_height=&#8220;127px&#8220; custom_margin=&#8220;||50px||false|false&#8220; custom_margin_tablet=&#8220;||0px||false|false&#8220; custom_margin_phone=&#8220;||0px||false|false&#8220; custom_margin_last_edited=&#8220;on|tablet&#8220; custom_padding=&#8220;250px|0px|||false|false&#8220; custom_padding_tablet=&#8220;|0px|0px||false|false&#8220; custom_padding_phone=&#8220;|0px|0px||false|false&#8220; animation_style=&#8220;fade&#8220; animation_direction=&#8220;top&#8220; global_colors_info=&#8220;{}&#8220;][et_pb_column type=&#8220;4_4&#8243; _builder_version=&#8220;4.16&#8243; _module_preset=&#8220;default&#8220; custom_padding=&#8220;|||&#8220; global_colors_info=&#8220;{}&#8220; custom_padding__hover=&#8220;|||&#8220;][et_pb_text content_tablet=&#8220;<\/p>\n<h1><strong><span style=%22color: #1e1939;%22>WEITERE ORMOSOL-PRODUKTE<\/span><\/strong><\/h1>\n<p>&#8220; content_phone=&#8220;<\/p>\n<p style=%22text-align: center;%22><strong><span style=%22color: #1e1939;%22>WEITERE <\/span><\/strong><\/p>\n<p style=%22text-align: center;%22><strong><span style=%22color: #1e1939;%22>ORMOSOL-PRODUKTE<\/span><\/strong><\/p>\n<p>&#8220; content_last_edited=&#8220;on|phone&#8220; admin_label=&#8220;Title&#8220; _builder_version=&#8220;4.17.5&#8243; _module_preset=&#8220;default&#8220; text_font=&#8220;Merriweather Sans||||||||&#8220; text_text_color=&#8220;#2C293D&#8220; text_font_size=&#8220;16px&#8220; header_font=&#8220;||||||||&#8220; header_text_color=&#8220;#060735&#8243; header_font_size=&#8220;40px&#8220; header_2_font=&#8220;Montserrat|700||on|||||&#8220; header_2_text_color=&#8220;#fcd21d&#8220; header_2_font_size=&#8220;42px&#8220; header_2_line_height=&#8220;1.3em&#8220; background_size=&#8220;initial&#8220; background_position=&#8220;top_left&#8220; background_repeat=&#8220;repeat&#8220; text_orientation=&#8220;center&#8220; max_width=&#8220;700px&#8220; module_alignment=&#8220;center&#8220; custom_margin=&#8220;||100px||false|false&#8220; custom_margin_tablet=&#8220;||80px||false|false&#8220; custom_margin_phone=&#8220;||50px||false|false&#8220; custom_margin_last_edited=&#8220;on|phone&#8220; animation_style=&#8220;slide&#8220; animation_direction=&#8220;bottom&#8220; animation_intensity_slide=&#8220;4%&#8220; text_font_size_tablet=&#8220;16px&#8220; text_font_size_phone=&#8220;25px&#8220; text_font_size_last_edited=&#8220;on|tablet&#8220; text_line_height_tablet=&#8220;1.7em&#8220; text_line_height_phone=&#8220;0.7em&#8220; text_line_height_last_edited=&#8220;on|phone&#8220; header_font_size_tablet=&#8220;35px&#8220; header_font_size_phone=&#8220;30px&#8220; header_font_size_last_edited=&#8220;on|desktop&#8220; global_colors_info=&#8220;{}&#8220;]<\/p>\n<h1><strong><span style=\"color: #1e1939;\">WEITERE ORMOGLASS-PRODUKTE<\/span><\/strong><\/h1>\n<p>[\/et_pb_text][et_pb_image src=&#8220;https:\/\/www.ormoprint.de\/wp-content\/uploads\/2022\/07\/ORMOGLASS-Farbbeschichtung-300&#215;300.webp&#8220; alt=&#8220;ORMOGLASS-Farbbeschichtung&#8220; title_text=&#8220;ORMOGLASS-Farbbeschichtung von ORMO Print GmbH&#8220; url=&#8220;@ET-DC@eyJkeW5hbWljIjp0cnVlLCJjb250ZW50IjoicG9zdF9saW5rX3VybF9wYWdlIiwic2V0dGluZ3MiOnsicG9zdF9pZCI6IjMxNyJ9fQ==@&#8220; align=&#8220;center&#8220; _builder_version=&#8220;4.17.6&#8243; _dynamic_attributes=&#8220;url&#8220; _module_preset=&#8220;default&#8220; module_alignment=&#8220;center&#8220; hover_enabled=&#8220;0&#8243; global_colors_info=&#8220;{}&#8220; sticky_enabled=&#8220;0&#8243;][\/et_pb_image][et_pb_text _builder_version=&#8220;4.17.6&#8243; _dynamic_attributes=&#8220;link_option_url&#8220; _module_preset=&#8220;default&#8220; text_orientation=&#8220;center&#8220; link_option_url=&#8220;@ET-DC@eyJkeW5hbWljIjp0cnVlLCJjb250ZW50IjoicG9zdF9saW5rX3VybF9wYWdlIiwic2V0dGluZ3MiOnsicG9zdF9pZCI6IjMxNyJ9fQ==@&#8220; global_colors_info=&#8220;{}&#8220;]<\/p>\n<h1>ORMOGLASS Farbbeschichtungen<\/h1>\n<p>[\/et_pb_text][et_pb_button button_url=&#8220;@ET-DC@eyJkeW5hbWljIjp0cnVlLCJjb250ZW50IjoicG9zdF9saW5rX3VybF9wYWdlIiwic2V0dGluZ3MiOnsicG9zdF9pZCI6IjE5NyJ9fQ==@&#8220; button_text=&#8220;Alle Produkte&#8220; _builder_version=&#8220;4.17.6&#8243; _dynamic_attributes=&#8220;button_url&#8220; _module_preset=&#8220;39a96737-b81d-4421-8d4c-103558c1c365&#8243; button_text_color=&#8220;#fff9f9&#8243; button_bg_color=&#8220;#001f63&#8243; button_border_width=&#8220;2px&#8220; button_border_color=&#8220;RGBA(255,255,255,0)&#8220; button_border_radius=&#8220;37px&#8220; button_letter_spacing=&#8220;4px&#8220; button_icon=&#8220;&#x24;||divi||400&#8243; button_icon_color=&#8220;#060735&#8243; background_layout=&#8220;dark&#8220; button_text_color_hover=&#8220;#747d88&#8243; button_border_color_hover=&#8220;#747d88&#8243; button_letter_spacing_hover=&#8220;2px&#8220; button_bg_color_hover=&#8220;rgba(0,0,0,0)&#8220; global_colors_info=&#8220;{}&#8220; button_one_text_size__hover_enabled=&#8220;off&#8220; button_two_text_size__hover_enabled=&#8220;off&#8220; button_one_text_color__hover_enabled=&#8220;off&#8220; button_two_text_color__hover_enabled=&#8220;off&#8220; button_one_border_width__hover_enabled=&#8220;off&#8220; button_two_border_width__hover_enabled=&#8220;off&#8220; button_one_border_color__hover_enabled=&#8220;off&#8220; button_two_border_color__hover_enabled=&#8220;off&#8220; button_one_border_radius__hover_enabled=&#8220;off&#8220; button_two_border_radius__hover_enabled=&#8220;off&#8220; button_one_letter_spacing__hover_enabled=&#8220;off&#8220; button_two_letter_spacing__hover_enabled=&#8220;off&#8220; button_one_bg_color__hover_enabled=&#8220;off&#8220; button_two_bg_color__hover_enabled=&#8220;off&#8220; button_text_color__hover_enabled=&#8220;on|hover&#8220; button_text_color__hover=&#8220;#060735&#8243; button_border_color__hover=&#8220;#060735&#8243; button_bg_color__hover_enabled=&#8220;on|hover&#8220; button_bg_color__hover=&#8220;RGBA(255,255,255,0)&#8220; button_bg_enable_color__hover=&#8220;on&#8220;][\/et_pb_button][\/et_pb_column][\/et_pb_row][\/et_pb_section]<\/p>\n","protected":false},"excerpt":{"rendered":"<p>Ormoglass Hst Pr\u00fcfstiftProduktdetails ORMOGLAS HST Pr\u00fcfstift ist ein l\u00f6semittelhaltiger Farblack f\u00fcr die \u00dcberpr\u00fcfung der Hitzebehandlung bei der Herstellung von ESC. HS. ORMOGLAS HST Pr\u00fcfstifte sind in der Anwendung sehr einfach.F\u00fcr die korrekte Anwendung wird ein mit dem Pr\u00fcfstift ein violetterPunkt auf dem Glas vor dem Tempern auf dem ESC aufgebracht, verf\u00e4rbt sich der Punkt hellblau [&hellip;]<\/p>\n","protected":false},"author":1,"featured_media":0,"parent":211,"menu_order":2,"comment_status":"closed","ping_status":"closed","template":"","meta":{"_et_pb_use_builder":"on","_et_pb_old_content":"","_et_gb_content_width":"","footnotes":""},"class_list":["post-313","page","type-page","status-publish","hentry"],"yoast_head":"<!-- This site is optimized with the Yoast SEO plugin v19.8 - https:\/\/yoast.com\/wordpress\/plugins\/seo\/ -->\n<title>ORMOGLASS HST Pr\u00fcfstift - Sol Gel Pr\u00fcfstift<\/title>\n<meta name=\"description\" content=\"ORMOGLAS HST Pr\u00fcfstift ist ein l\u00f6semittelhaltiger Farblack f\u00fcr die \u00dcberpr\u00fcfung der Hitzebehandlung bei der Herstellung von ESC. HS.\" \/>\n<meta name=\"robots\" content=\"index, follow, max-snippet:-1, max-image-preview:large, max-video-preview:-1\" \/>\n<link rel=\"canonical\" href=\"https:\/\/www.ormoprint.de\/de\/ormoglass\/ormoglass-hst-pruefstift\/\" \/>\n<meta property=\"og:locale\" content=\"de_DE\" \/>\n<meta property=\"og:type\" content=\"article\" \/>\n<meta property=\"og:title\" content=\"ORMOGLASS HST Pr\u00fcfstift - Sol Gel Pr\u00fcfstift\" \/>\n<meta property=\"og:description\" content=\"ORMOGLAS HST Pr\u00fcfstift ist ein l\u00f6semittelhaltiger Farblack f\u00fcr die \u00dcberpr\u00fcfung der Hitzebehandlung bei der Herstellung von ESC. HS.\" \/>\n<meta property=\"og:url\" content=\"https:\/\/www.ormoprint.de\/de\/ormoglass\/ormoglass-hst-pruefstift\/\" \/>\n<meta property=\"og:site_name\" content=\"Ormo Print GmbH\" \/>\n<meta property=\"article:modified_time\" content=\"2022-08-02T15:15:16+00:00\" \/>\n<meta name=\"twitter:card\" content=\"summary_large_image\" \/>\n<script type=\"application\/ld+json\" class=\"yoast-schema-graph\">{\"@context\":\"https:\/\/schema.org\",\"@graph\":[{\"@type\":\"WebPage\",\"@id\":\"https:\/\/www.ormoprint.de\/ormoglass\/ormoglass-hst-pruefstift\/\",\"url\":\"https:\/\/www.ormoprint.de\/ormoglass\/ormoglass-hst-pruefstift\/\",\"name\":\"ORMOGLASS HST Pr\u00fcfstift - Sol Gel Pr\u00fcfstift\",\"isPartOf\":{\"@id\":\"https:\/\/www.ormoprint.de\/de\/#website\"},\"datePublished\":\"2022-04-30T12:27:39+00:00\",\"dateModified\":\"2022-08-02T15:15:16+00:00\",\"description\":\"ORMOGLAS HST Pr\u00fcfstift ist ein l\u00f6semittelhaltiger Farblack f\u00fcr die \u00dcberpr\u00fcfung der Hitzebehandlung bei der Herstellung von ESC. HS.\",\"breadcrumb\":{\"@id\":\"https:\/\/www.ormoprint.de\/ormoglass\/ormoglass-hst-pruefstift\/#breadcrumb\"},\"inLanguage\":\"de\",\"potentialAction\":[{\"@type\":\"ReadAction\",\"target\":[\"https:\/\/www.ormoprint.de\/ormoglass\/ormoglass-hst-pruefstift\/\"]}]},{\"@type\":\"BreadcrumbList\",\"@id\":\"https:\/\/www.ormoprint.de\/ormoglass\/ormoglass-hst-pruefstift\/#breadcrumb\",\"itemListElement\":[{\"@type\":\"ListItem\",\"position\":1,\"name\":\"Home\",\"item\":\"https:\/\/www.ormoprint.de\/de\/\"},{\"@type\":\"ListItem\",\"position\":2,\"name\":\"ORMOGLASS\",\"item\":\"https:\/\/www.ormoprint.de\/ormoglass\/\"},{\"@type\":\"ListItem\",\"position\":3,\"name\":\"ORMOGLASS HST Pr\u00fcfstift\"}]},{\"@type\":\"WebSite\",\"@id\":\"https:\/\/www.ormoprint.de\/de\/#website\",\"url\":\"https:\/\/www.ormoprint.de\/de\/\",\"name\":\"Ormo Print GmbH\",\"description\":\"Glasdekoration und Glasveredelung\",\"publisher\":{\"@id\":\"https:\/\/www.ormoprint.de\/de\/#organization\"},\"potentialAction\":[{\"@type\":\"SearchAction\",\"target\":{\"@type\":\"EntryPoint\",\"urlTemplate\":\"https:\/\/www.ormoprint.de\/de\/?s={search_term_string}\"},\"query-input\":\"required name=search_term_string\"}],\"inLanguage\":\"de\"},{\"@type\":\"Organization\",\"@id\":\"https:\/\/www.ormoprint.de\/de\/#organization\",\"name\":\"ORMO Print GmbH\",\"url\":\"https:\/\/www.ormoprint.de\/de\/\",\"sameAs\":[],\"logo\":{\"@type\":\"ImageObject\",\"inLanguage\":\"de\",\"@id\":\"https:\/\/www.ormoprint.de\/de\/#\/schema\/logo\/image\/\",\"url\":\"https:\/\/ormoprint.gmeiner.de\/wp-content\/uploads\/2022\/07\/logo_web.png\",\"contentUrl\":\"https:\/\/ormoprint.gmeiner.de\/wp-content\/uploads\/2022\/07\/logo_web.png\",\"width\":191,\"height\":100,\"caption\":\"ORMO Print GmbH\"},\"image\":{\"@id\":\"https:\/\/www.ormoprint.de\/de\/#\/schema\/logo\/image\/\"}}]}<\/script>\n<!-- \/ Yoast SEO plugin. -->","yoast_head_json":{"title":"ORMOGLASS HST Pr\u00fcfstift - Sol Gel Pr\u00fcfstift","description":"ORMOGLAS HST Pr\u00fcfstift ist ein l\u00f6semittelhaltiger Farblack f\u00fcr die \u00dcberpr\u00fcfung der Hitzebehandlung bei der Herstellung von ESC. HS.","robots":{"index":"index","follow":"follow","max-snippet":"max-snippet:-1","max-image-preview":"max-image-preview:large","max-video-preview":"max-video-preview:-1"},"canonical":"https:\/\/www.ormoprint.de\/de\/ormoglass\/ormoglass-hst-pruefstift\/","og_locale":"de_DE","og_type":"article","og_title":"ORMOGLASS HST Pr\u00fcfstift - Sol Gel Pr\u00fcfstift","og_description":"ORMOGLAS HST Pr\u00fcfstift ist ein l\u00f6semittelhaltiger Farblack f\u00fcr die \u00dcberpr\u00fcfung der Hitzebehandlung bei der Herstellung von ESC. HS.","og_url":"https:\/\/www.ormoprint.de\/de\/ormoglass\/ormoglass-hst-pruefstift\/","og_site_name":"Ormo Print GmbH","article_modified_time":"2022-08-02T15:15:16+00:00","twitter_card":"summary_large_image","schema":{"@context":"https:\/\/schema.org","@graph":[{"@type":"WebPage","@id":"https:\/\/www.ormoprint.de\/ormoglass\/ormoglass-hst-pruefstift\/","url":"https:\/\/www.ormoprint.de\/ormoglass\/ormoglass-hst-pruefstift\/","name":"ORMOGLASS HST Pr\u00fcfstift - Sol Gel Pr\u00fcfstift","isPartOf":{"@id":"https:\/\/www.ormoprint.de\/de\/#website"},"datePublished":"2022-04-30T12:27:39+00:00","dateModified":"2022-08-02T15:15:16+00:00","description":"ORMOGLAS HST Pr\u00fcfstift ist ein l\u00f6semittelhaltiger Farblack f\u00fcr die \u00dcberpr\u00fcfung der Hitzebehandlung bei der Herstellung von ESC. HS.","breadcrumb":{"@id":"https:\/\/www.ormoprint.de\/ormoglass\/ormoglass-hst-pruefstift\/#breadcrumb"},"inLanguage":"de","potentialAction":[{"@type":"ReadAction","target":["https:\/\/www.ormoprint.de\/ormoglass\/ormoglass-hst-pruefstift\/"]}]},{"@type":"BreadcrumbList","@id":"https:\/\/www.ormoprint.de\/ormoglass\/ormoglass-hst-pruefstift\/#breadcrumb","itemListElement":[{"@type":"ListItem","position":1,"name":"Home","item":"https:\/\/www.ormoprint.de\/de\/"},{"@type":"ListItem","position":2,"name":"ORMOGLASS","item":"https:\/\/www.ormoprint.de\/ormoglass\/"},{"@type":"ListItem","position":3,"name":"ORMOGLASS HST Pr\u00fcfstift"}]},{"@type":"WebSite","@id":"https:\/\/www.ormoprint.de\/de\/#website","url":"https:\/\/www.ormoprint.de\/de\/","name":"Ormo Print GmbH","description":"Glasdekoration und Glasveredelung","publisher":{"@id":"https:\/\/www.ormoprint.de\/de\/#organization"},"potentialAction":[{"@type":"SearchAction","target":{"@type":"EntryPoint","urlTemplate":"https:\/\/www.ormoprint.de\/de\/?s={search_term_string}"},"query-input":"required name=search_term_string"}],"inLanguage":"de"},{"@type":"Organization","@id":"https:\/\/www.ormoprint.de\/de\/#organization","name":"ORMO Print GmbH","url":"https:\/\/www.ormoprint.de\/de\/","sameAs":[],"logo":{"@type":"ImageObject","inLanguage":"de","@id":"https:\/\/www.ormoprint.de\/de\/#\/schema\/logo\/image\/","url":"https:\/\/ormoprint.gmeiner.de\/wp-content\/uploads\/2022\/07\/logo_web.png","contentUrl":"https:\/\/ormoprint.gmeiner.de\/wp-content\/uploads\/2022\/07\/logo_web.png","width":191,"height":100,"caption":"ORMO Print GmbH"},"image":{"@id":"https:\/\/www.ormoprint.de\/de\/#\/schema\/logo\/image\/"}}]}},"_links":{"self":[{"href":"https:\/\/www.ormoprint.de\/de\/wp-json\/wp\/v2\/pages\/313","targetHints":{"allow":["GET"]}}],"collection":[{"href":"https:\/\/www.ormoprint.de\/de\/wp-json\/wp\/v2\/pages"}],"about":[{"href":"https:\/\/www.ormoprint.de\/de\/wp-json\/wp\/v2\/types\/page"}],"author":[{"embeddable":true,"href":"https:\/\/www.ormoprint.de\/de\/wp-json\/wp\/v2\/users\/1"}],"replies":[{"embeddable":true,"href":"https:\/\/www.ormoprint.de\/de\/wp-json\/wp\/v2\/comments?post=313"}],"version-history":[{"count":15,"href":"https:\/\/www.ormoprint.de\/de\/wp-json\/wp\/v2\/pages\/313\/revisions"}],"predecessor-version":[{"id":1886,"href":"https:\/\/www.ormoprint.de\/de\/wp-json\/wp\/v2\/pages\/313\/revisions\/1886"}],"up":[{"embeddable":true,"href":"https:\/\/www.ormoprint.de\/de\/wp-json\/wp\/v2\/pages\/211"}],"wp:attachment":[{"href":"https:\/\/www.ormoprint.de\/de\/wp-json\/wp\/v2\/media?parent=313"}],"curies":[{"name":"wp","href":"https:\/\/api.w.org\/{rel}","templated":true}]}}