{"id":883,"date":"2022-07-11T13:56:38","date_gmt":"2022-07-11T11:56:38","guid":{"rendered":"https:\/\/ormoprint.gmeiner.de\/?page_id=883"},"modified":"2022-08-02T18:27:32","modified_gmt":"2022-08-02T16:27:32","slug":"unternehmen","status":"publish","type":"page","link":"https:\/\/www.ormoprint.de\/de\/unternehmen\/","title":{"rendered":"Unternehmen"},"content":{"rendered":"<p>[et_pb_section fb_built=&#8220;1&#8243; custom_padding_last_edited=&#8220;on|phone&#8220; _builder_version=&#8220;4.17.6&#8243; _module_preset=&#8220;default&#8220; background_image=&#8220;https:\/\/www.ormoprint.de\/wp-content\/uploads\/2022\/07\/OrmosolSilberschutz-e1659176613367.webp&#8220; custom_margin=&#8220;||||true|false&#8220; custom_padding=&#8220;200px||200px||true|false&#8220; custom_padding_tablet=&#8220;100px||50px||false|false&#8220; custom_padding_phone=&#8220;50px||||false|false&#8220; bottom_divider_color=&#8220;#1a1b20&#8243; bottom_divider_height=&#8220;69px&#8220; hover_enabled=&#8220;0&#8243; background_last_edited=&#8220;on|phone&#8220; background_image_phone=&#8220;https:\/\/ormoprint.gmeiner.de\/wp-content\/uploads\/2022\/07\/OrmosolSilberschutz-300&#215;278.webp&#8220; background_enable_image_phone=&#8220;on&#8220; global_colors_info=&#8220;{}&#8220; alt=&#8220;ORMOSOL Silberschutz Sol Gel Beschichtung f\u00fcr Edelmetalloberfl\u00e4chen&#8220; title_text=&#8220;ORMOSOL Silberschutz Sol Gel Beschichtung von ORMO Print GmbH&#8220; sticky_enabled=&#8220;0&#8243;][et_pb_row _builder_version=&#8220;4.17.6&#8243; _module_preset=&#8220;default&#8220; background_color=&#8220;rgba(26,25,36,0.4)&#8220; global_colors_info=&#8220;{}&#8220;][et_pb_column type=&#8220;4_4&#8243; _builder_version=&#8220;4.17.6&#8243; _module_preset=&#8220;default&#8220; background_color=&#8220;rgba(18,17,19,0.45)&#8220; global_colors_info=&#8220;{}&#8220;][et_pb_text _builder_version=&#8220;4.17.6&#8243; _module_preset=&#8220;default&#8220; text_text_color=&#8220;#F7F7F2&#8243; text_font_size=&#8220;25px&#8220; header_text_color=&#8220;#F7F7F2&#8243; header_font_size=&#8220;35px&#8220; custom_margin=&#8220;||||false&#8220; custom_padding=&#8220;30px|30px|30px|30px|false|false&#8220; text_font_size_tablet=&#8220;20px&#8220; text_font_size_phone=&#8220;18px&#8220; text_font_size_last_edited=&#8220;on|tablet&#8220; header_font_size_tablet=&#8220;35px&#8220; header_font_size_phone=&#8220;25px&#8220; header_font_size_last_edited=&#8220;on|desktop&#8220; global_colors_info=&#8220;{}&#8220;]<\/p>\n<div class=\"fusion-one-half fusion-layout-column fusion-spacing-yes\">\n<div class=\"fusion-column-wrapper\">\n<h1>\u00dcber die ORMO PRINT<\/h1>\n<p>Die ORMO PRINT setzt sich aus einer Gruppe von Fachleuten zusammen, die sich seit 1994 <span>mit der Entwicklung von Beschichtungen auf Glas besch\u00e4ftigt<\/span>. Der Schwerpunkt der Entwicklung lag damals auf farbige Schichten f\u00fcr die Glasdekoration. Mit der Zeit hat sich unser Spektrum an Beschichtungstypen erweitert. Die meisten unserer Farbbeschichtungen sind als Hybridfarben formuliert.In den Anf\u00e4ngen arbeiteten unsere Fachleute an der Hochschule M\u00fcnchen an der Entwicklung verschiedener Beschichtungen auf Glas.\u00a0<\/p>\n<p>Um die Verwertung der gewonnenen Erkenntnisse zu sichern und weitere Entwicklungen zu finanzieren, wurde im Jahr 2005 die ORMO PRINT als unabh\u00e4ngiges Unternehmen gegr\u00fcndet. Aufgrund dessen kann die ORMO PRINT auf die Expertise von mehreren Jahrzehnten Erfahrung zur\u00fcckgreifen.<\/p>\n<p>Im Lauf der Jahre wurde eine Vielzahl verschiedener Produkte f\u00fcr die industrielle Glasveredelung entwickelt. Die Anregungen zu Weiterentwicklungen kam dabei fast immer von spezifischen Herausforderungen aus der Industrie. Aus diesem Grund produzieren wir inzwischen eine gro\u00dfes Sortiment verschiedener Farbbeschichtungstypen.<\/p>\n<\/div>\n<\/div>\n<div class=\"fusion-one-half fusion-layout-column fusion-column-last fusion-spacing-yes\">\n<div class=\"fusion-column-wrapper\">Die fr\u00fcheren Entwicklungen wurden vorwiegend f\u00fcr klassische Applikationsverfahren wie Pinsel- oder Spritzauftrag formuliert. Inzwischen bieten wir auch Tinten f\u00fcr den Digitaldruck an.<\/div>\n<\/div>\n<p>[\/et_pb_text][\/et_pb_column][\/et_pb_row][\/et_pb_section][et_pb_section fb_built=&#8220;1&#8243; custom_padding_last_edited=&#8220;on|tablet&#8220; admin_label=&#8220;Contact&#8220; _builder_version=&#8220;4.17.6&#8243; _module_preset=&#8220;default&#8220; custom_padding=&#8220;50px||100px||false|false&#8220; custom_padding_tablet=&#8220;50px||100px||false|false&#8220; custom_padding_phone=&#8220;50px||100px||false|false&#8220; top_divider_style=&#8220;slant2&#8243; top_divider_color=&#8220;#1a1b20&#8243; top_divider_height=&#8220;34px&#8220; saved_tabs=&#8220;all&#8220; global_colors_info=&#8220;{}&#8220;][et_pb_row _builder_version=&#8220;4.17.4&#8243; _module_preset=&#8220;default&#8220; width=&#8220;100%&#8220; module_alignment=&#8220;center&#8220; custom_padding=&#8220;50px||65px||false|false&#8220; global_colors_info=&#8220;{}&#8220;][et_pb_column type=&#8220;4_4&#8243; _builder_version=&#8220;4.17.4&#8243; _module_preset=&#8220;default&#8220; global_colors_info=&#8220;{}&#8220;][et_pb_text _builder_version=&#8220;4.17.4&#8243; _module_preset=&#8220;default&#8220; text_font=&#8220;||||||||&#8220; text_text_color=&#8220;#060735&#8243; text_font_size=&#8220;21px&#8220; header_text_color=&#8220;#060735&#8243; header_font_size=&#8220;50px&#8220; text_orientation=&#8220;center&#8220; global_colors_info=&#8220;{}&#8220;]<\/p>\n<h1>Unsere Kontaktdetails<\/h1>\n<p>[\/et_pb_text][\/et_pb_column][\/et_pb_row][et_pb_row column_structure=&#8220;1_3,1_3,1_3&#8243; use_custom_gutter=&#8220;on&#8220; _builder_version=&#8220;4.17.4&#8243; _module_preset=&#8220;default&#8220; width=&#8220;60%&#8220; max_width=&#8220;1440px&#8220; custom_margin=&#8220;|auto|60px|auto||&#8220; custom_padding=&#8220;|||&#8220; use_custom_width=&#8220;on&#8220; custom_width_px=&#8220;1440px&#8220; global_colors_info=&#8220;{}&#8220;][et_pb_column type=&#8220;1_3&#8243; _builder_version=&#8220;4.16&#8243; _module_preset=&#8220;default&#8220; custom_padding=&#8220;|||&#8220; global_colors_info=&#8220;{}&#8220; custom_padding__hover=&#8220;|||&#8220;][et_pb_blurb title=&#8220;Adresse&#8220; use_icon=&#8220;on&#8220; font_icon=&#8220;&#xe081;||divi||400&#8243; image_icon_background_color=&#8220;#81a2ea&#8220; image_icon_width=&#8220;35px&#8220; _builder_version=&#8220;4.17.4&#8243; _module_preset=&#8220;default&#8220; header_font=&#8220;Roboto|700|||||||&#8220; header_font_size=&#8220;18px&#8220; header_line_height=&#8220;1.7em&#8220; body_font=&#8220;||||||||&#8220; body_text_align=&#8220;center&#8220; body_font_size=&#8220;14px&#8220; body_line_height=&#8220;0.5em&#8220; background_color=&#8220;#ffffff&#8220; image_icon_custom_padding=&#8220;25px|25px|25px|25px|false|false&#8220; text_orientation=&#8220;center&#8220; module_alignment=&#8220;left&#8220; min_height=&#8220;271.6px&#8220; custom_margin=&#8220;||0px|&#8220; custom_padding=&#8220;30px|20px|40px|20px|false|true&#8220; custom_padding_tablet=&#8220;&#8220; custom_padding_phone=&#8220;&#8220; custom_padding_last_edited=&#8220;on|phone&#8220; animation_style=&#8220;zoom&#8220; animation_intensity_zoom=&#8220;8%&#8220; animation=&#8220;off&#8220; border_radii=&#8220;on|10px|10px|10px|10px&#8220; border_radii_image=&#8220;on|100%|100%|100%|100%&#8220; border_color_all_image=&#8220;#001f63&#8243; box_shadow_style=&#8220;preset1&#8243; box_shadow_blur=&#8220;70px&#8220; box_shadow_color=&#8220;rgba(110,130,208,0.18)&#8220; icon_font_size=&#8220;32px&#8220; use_circle=&#8220;on&#8220; circle_color=&#8220;rgba(122,105,230,0.3)&#8220; locked=&#8220;off&#8220; global_colors_info=&#8220;{}&#8220; image_icon_background_color__sticky_enabled=&#8220;#060735&#8243; image_icon_background_color__sticky=&#8220;#060735&#8243;]<\/p>\n<p>Carl-Von-Linde-Stra\u00dfe 17<\/p>\n<p>85748 Garching &#8211; DE<\/p>\n<p>[\/et_pb_blurb][\/et_pb_column][et_pb_column type=&#8220;1_3&#8243; _builder_version=&#8220;4.16&#8243; _module_preset=&#8220;default&#8220; custom_padding=&#8220;|||&#8220; global_colors_info=&#8220;{}&#8220; custom_padding__hover=&#8220;|||&#8220;][et_pb_blurb title=&#8220;Kontaktdaten&#8220; use_icon=&#8220;on&#8220; font_icon=&#8220;&#xe076;||divi||400&#8243; image_icon_background_color=&#8220;#81a2ea&#8220; image_icon_width=&#8220;35px&#8220; _builder_version=&#8220;4.17.4&#8243; _module_preset=&#8220;default&#8220; header_font=&#8220;Roboto|700|||||||&#8220; header_font_size=&#8220;18px&#8220; header_line_height=&#8220;1.7em&#8220; body_font=&#8220;||||||||&#8220; body_text_align=&#8220;center&#8220; body_font_size=&#8220;14px&#8220; body_line_height=&#8220;0.5em&#8220; background_color=&#8220;#ffffff&#8220; image_icon_custom_padding=&#8220;25px|25px|25px|25px|false|false&#8220; text_orientation=&#8220;center&#8220; module_alignment=&#8220;left&#8220; custom_margin=&#8220;||0px|&#8220; custom_padding=&#8220;30px|20px|35px|20px|false|true&#8220; custom_padding_tablet=&#8220;30px|20px|35px|20px|false|true&#8220; custom_padding_phone=&#8220;30px|20px|35px|20px|false|true&#8220; custom_padding_last_edited=&#8220;on|phone&#8220; animation_style=&#8220;zoom&#8220; animation_intensity_zoom=&#8220;8%&#8220; animation=&#8220;off&#8220; border_radii=&#8220;on|10px|10px|10px|10px&#8220; border_radii_image=&#8220;on|100%|100%|100%|100%&#8220; border_color_all_image=&#8220;#001f63&#8243; box_shadow_style=&#8220;preset1&#8243; box_shadow_blur=&#8220;70px&#8220; box_shadow_color=&#8220;rgba(110,130,208,0.18)&#8220; icon_font_size=&#8220;32px&#8220; use_circle=&#8220;on&#8220; circle_color=&#8220;rgba(250,94,93,0.3)&#8220; locked=&#8220;off&#8220; global_colors_info=&#8220;{}&#8220; image_icon_background_color__sticky_enabled=&#8220;#060735&#8243; image_icon_background_color__sticky=&#8220;#060735&#8243;]<\/p>\n<p><span style=\"color: #1a1924;\"><a href=\"mailto:info@ormoprint.de\" style=\"color: #1a1924;\">info@ormoprint.de<\/a><\/span><\/p>\n<p>TEL 089 323 083 20<\/p>\n<p>FAX 089323083211<\/p>\n<p>[\/et_pb_blurb][\/et_pb_column][et_pb_column type=&#8220;1_3&#8243; _builder_version=&#8220;4.16&#8243; _module_preset=&#8220;default&#8220; custom_padding=&#8220;|||&#8220; global_colors_info=&#8220;{}&#8220; custom_padding__hover=&#8220;|||&#8220;][et_pb_blurb title=&#8220;\u00d6ffnungszeiten&#8220; use_icon=&#8220;on&#8220; font_icon=&#8220;&#xe074;||divi||400&#8243; image_icon_background_color=&#8220;#81a2ea&#8220; image_icon_width=&#8220;35px&#8220; _builder_version=&#8220;4.17.4&#8243; _module_preset=&#8220;default&#8220; header_font=&#8220;Roboto|700|||||||&#8220; header_font_size=&#8220;18px&#8220; header_line_height=&#8220;1.7em&#8220; body_font=&#8220;||||||||&#8220; body_text_align=&#8220;center&#8220; body_font_size=&#8220;14px&#8220; body_line_height=&#8220;0.5em&#8220; background_color=&#8220;#ffffff&#8220; image_icon_custom_padding=&#8220;25px|25px|25px|25px|false|false&#8220; text_orientation=&#8220;center&#8220; module_alignment=&#8220;left&#8220; min_height=&#8220;270.6px&#8220; custom_margin=&#8220;||0px|&#8220; custom_padding=&#8220;30px|20px|40px|20px|false|true&#8220; custom_padding_tablet=&#8220;&#8220; custom_padding_phone=&#8220;&#8220; custom_padding_last_edited=&#8220;on|phone&#8220; animation_style=&#8220;zoom&#8220; animation_intensity_zoom=&#8220;8%&#8220; animation=&#8220;off&#8220; border_radii=&#8220;on|10px|10px|10px|10px&#8220; border_radii_image=&#8220;on|100%|100%|100%|100%&#8220; border_color_all_image=&#8220;#001f63&#8243; box_shadow_style=&#8220;preset1&#8243; box_shadow_blur=&#8220;70px&#8220; box_shadow_color=&#8220;rgba(110,130,208,0.18)&#8220; icon_font_size=&#8220;32px&#8220; use_circle=&#8220;on&#8220; circle_color=&#8220;rgba(249,141,94,0.3)&#8220; locked=&#8220;off&#8220; global_colors_info=&#8220;{}&#8220; image_icon_background_color__sticky_enabled=&#8220;#060735&#8243; image_icon_background_color__sticky=&#8220;#060735&#8243;]<\/p>\n<p>M-F: 08:00 Uhr &#8211; 15:00 Uhr<\/p>\n<p>S-S: Geschlossen<\/p>\n<p>[\/et_pb_blurb][\/et_pb_column][\/et_pb_row][et_pb_row _builder_version=&#8220;4.16&#8243; _module_preset=&#8220;default&#8220; custom_margin=&#8220;40px|||&#8220; custom_padding=&#8220;|||&#8220; global_colors_info=&#8220;{}&#8220;][et_pb_column type=&#8220;4_4&#8243; _builder_version=&#8220;4.16&#8243; _module_preset=&#8220;default&#8220; custom_padding=&#8220;|||&#8220; global_colors_info=&#8220;{}&#8220; custom_padding__hover=&#8220;|||&#8220;][et_pb_text _builder_version=&#8220;4.17.4&#8243; _module_preset=&#8220;default&#8220; text_font=&#8220;||||||||&#8220; text_font_size=&#8220;16px&#8220; text_line_height=&#8220;2em&#8220; ul_font=&#8220;||||||||&#8220; header_font=&#8220;||||||||&#8220; header_2_font=&#8220;Roboto|700|||||||&#8220; header_2_font_size=&#8220;40px&#8220; header_2_line_height=&#8220;1.2em&#8220; header_3_font=&#8220;||||||||&#8220; text_orientation=&#8220;center&#8220; max_width=&#8220;800px&#8220; max_width_last_edited=&#8220;off|desktop&#8220; module_alignment=&#8220;center&#8220; custom_margin=&#8220;|||&#8220; custom_padding=&#8220;|||&#8220; header_2_font_size_tablet=&#8220;35px&#8220; header_2_font_size_phone=&#8220;28px&#8220; header_2_font_size_last_edited=&#8220;on|phone&#8220; global_colors_info=&#8220;{}&#8220;]<\/p>\n<h2>Senden Sie uns eine Nachricht<\/h2>\n<p>Interessiert an unseren Produkten? Sie haben ein Projekt und ben\u00f6tigen unsere Expertise? Kontaktieren Sie uns gerne.<\/p>\n<p>[\/et_pb_text][et_pb_contact_form module_id=&#8220;et_pb_contact_form_0&#8243; _builder_version=&#8220;4.17.6&#8243; _module_preset=&#8220;default&#8220; form_field_background_color=&#8220;rgba(110,130,208,0.04)&#8220; title_level=&#8220;h2&#8243; title_font=&#8220;Roboto|700|||||||&#8220; title_text_align=&#8220;center&#8220; title_font_size=&#8220;45px&#8220; title_line_height=&#8220;1.8em&#8220; form_field_font=&#8220;Roboto||||||||&#8220; form_field_font_size=&#8220;16px&#8220; form_field_line_height=&#8220;1.8em&#8220; custom_button=&#8220;on&#8220; button_text_size=&#8220;14px&#8220; button_text_color=&#8220;#F7F7F2&#8243; button_bg_color=&#8220;#001f63&#8243; button_bg_color_gradient_direction=&#8220;90deg&#8220; button_bg_color_gradient_stops=&#8220;#f7828e 0%|#fcb6ab 100%&#8220; button_bg_color_gradient_start=&#8220;#f7828e&#8220; button_bg_color_gradient_end=&#8220;#fcb6ab&#8220; button_border_width=&#8220;10px&#8220; button_border_color=&#8220;#001F63&#8243; button_border_radius=&#8220;4px&#8220; button_letter_spacing=&#8220;5px&#8220; button_font=&#8220;Roboto|700||on|||||&#8220; button_icon=&#8220;&#xe010;||divi||400&#8243; button_icon_color=&#8220;#F7F7F2&#8243; width=&#8220;94%&#8220; module_alignment=&#8220;center&#8220; title_font_size_tablet=&#8220;35px&#8220; title_font_size_phone=&#8220;28px&#8220; title_font_size_last_edited=&#8220;on|phone&#8220; border_radii=&#8220;on|4px|4px|4px|4px&#8220; border_color_all=&#8220;#bec2d8&#8243; border_width_bottom=&#8220;3px&#8220; form_background_color=&#8220;rgba(110,130,208,0.04)&#8220; global_colors_info=&#8220;{}&#8220;][et_pb_contact_field field_id=&#8220;Name&#8220; field_title=&#8220;Name&#8220; _builder_version=&#8220;4.16&#8243; _module_preset=&#8220;default&#8220; global_colors_info=&#8220;{}&#8220; button_text_size__hover_enabled=&#8220;off&#8220; button_one_text_size__hover_enabled=&#8220;off&#8220; button_two_text_size__hover_enabled=&#8220;off&#8220; button_text_color__hover_enabled=&#8220;off&#8220; button_one_text_color__hover_enabled=&#8220;off&#8220; button_two_text_color__hover_enabled=&#8220;off&#8220; button_border_width__hover_enabled=&#8220;off&#8220; button_one_border_width__hover_enabled=&#8220;off&#8220; button_two_border_width__hover_enabled=&#8220;off&#8220; button_border_color__hover_enabled=&#8220;off&#8220; button_one_border_color__hover_enabled=&#8220;off&#8220; button_two_border_color__hover_enabled=&#8220;off&#8220; button_border_radius__hover_enabled=&#8220;off&#8220; button_one_border_radius__hover_enabled=&#8220;off&#8220; button_two_border_radius__hover_enabled=&#8220;off&#8220; button_letter_spacing__hover_enabled=&#8220;off&#8220; button_one_letter_spacing__hover_enabled=&#8220;off&#8220; button_two_letter_spacing__hover_enabled=&#8220;off&#8220; button_bg_color__hover_enabled=&#8220;off&#8220; button_one_bg_color__hover_enabled=&#8220;off&#8220; button_two_bg_color__hover_enabled=&#8220;off&#8220;][\/et_pb_contact_field][et_pb_contact_field field_id=&#8220;Email&#8220; field_title=&#8220;Email Addresse&#8220; field_type=&#8220;email&#8220; _builder_version=&#8220;4.17.4&#8243; _module_preset=&#8220;default&#8220; global_colors_info=&#8220;{}&#8220; button_text_size__hover_enabled=&#8220;off&#8220; button_one_text_size__hover_enabled=&#8220;off&#8220; button_two_text_size__hover_enabled=&#8220;off&#8220; button_text_color__hover_enabled=&#8220;off&#8220; button_one_text_color__hover_enabled=&#8220;off&#8220; button_two_text_color__hover_enabled=&#8220;off&#8220; button_border_width__hover_enabled=&#8220;off&#8220; button_one_border_width__hover_enabled=&#8220;off&#8220; button_two_border_width__hover_enabled=&#8220;off&#8220; button_border_color__hover_enabled=&#8220;off&#8220; button_one_border_color__hover_enabled=&#8220;off&#8220; button_two_border_color__hover_enabled=&#8220;off&#8220; button_border_radius__hover_enabled=&#8220;off&#8220; button_one_border_radius__hover_enabled=&#8220;off&#8220; button_two_border_radius__hover_enabled=&#8220;off&#8220; button_letter_spacing__hover_enabled=&#8220;off&#8220; button_one_letter_spacing__hover_enabled=&#8220;off&#8220; button_two_letter_spacing__hover_enabled=&#8220;off&#8220; button_bg_color__hover_enabled=&#8220;off&#8220; button_one_bg_color__hover_enabled=&#8220;off&#8220; button_two_bg_color__hover_enabled=&#8220;off&#8220;][\/et_pb_contact_field][et_pb_contact_field field_id=&#8220;Message&#8220; field_title=&#8220;Ihre Nachricht&#8220; field_type=&#8220;text&#8220; fullwidth_field=&#8220;on&#8220; _builder_version=&#8220;4.17.4&#8243; _module_preset=&#8220;default&#8220; global_colors_info=&#8220;{}&#8220; button_text_size__hover_enabled=&#8220;off&#8220; button_one_text_size__hover_enabled=&#8220;off&#8220; button_two_text_size__hover_enabled=&#8220;off&#8220; button_text_color__hover_enabled=&#8220;off&#8220; button_one_text_color__hover_enabled=&#8220;off&#8220; button_two_text_color__hover_enabled=&#8220;off&#8220; button_border_width__hover_enabled=&#8220;off&#8220; button_one_border_width__hover_enabled=&#8220;off&#8220; button_two_border_width__hover_enabled=&#8220;off&#8220; button_border_color__hover_enabled=&#8220;off&#8220; button_one_border_color__hover_enabled=&#8220;off&#8220; button_two_border_color__hover_enabled=&#8220;off&#8220; button_border_radius__hover_enabled=&#8220;off&#8220; button_one_border_radius__hover_enabled=&#8220;off&#8220; button_two_border_radius__hover_enabled=&#8220;off&#8220; button_letter_spacing__hover_enabled=&#8220;off&#8220; button_one_letter_spacing__hover_enabled=&#8220;off&#8220; button_two_letter_spacing__hover_enabled=&#8220;off&#8220; button_bg_color__hover_enabled=&#8220;off&#8220; button_one_bg_color__hover_enabled=&#8220;off&#8220; button_two_bg_color__hover_enabled=&#8220;off&#8220;][\/et_pb_contact_field][\/et_pb_contact_form][\/et_pb_column][\/et_pb_row][\/et_pb_section]<\/p>\n","protected":false},"excerpt":{"rendered":"<p>\u00dcber die ORMO PRINT Die ORMO PRINT setzt sich aus einer Gruppe von Fachleuten zusammen, die sich seit 1994 mit der Entwicklung von Beschichtungen auf Glas besch\u00e4ftigt. Der Schwerpunkt der Entwicklung lag damals auf farbige Schichten f\u00fcr die Glasdekoration. Mit der Zeit hat sich unser Spektrum an Beschichtungstypen erweitert. Die meisten unserer Farbbeschichtungen sind als [&hellip;]<\/p>\n","protected":false},"author":1,"featured_media":0,"parent":0,"menu_order":0,"comment_status":"closed","ping_status":"closed","template":"","meta":{"_et_pb_use_builder":"on","_et_pb_old_content":"<!-- wp:divi\/placeholder \/-->","_et_gb_content_width":"","footnotes":""},"class_list":["post-883","page","type-page","status-publish","hentry"],"yoast_head":"<!-- This site is optimized with the Yoast SEO plugin v19.8 - https:\/\/yoast.com\/wordpress\/plugins\/seo\/ -->\n<title>Geschichte der ORMO Print GmbH<\/title>\n<meta name=\"robots\" content=\"index, follow, max-snippet:-1, max-image-preview:large, max-video-preview:-1\" \/>\n<link rel=\"canonical\" href=\"https:\/\/www.ormoprint.de\/de\/unternehmen\/\" \/>\n<meta property=\"og:locale\" content=\"de_DE\" \/>\n<meta property=\"og:type\" content=\"article\" \/>\n<meta property=\"og:title\" content=\"Geschichte der ORMO Print GmbH\" \/>\n<meta property=\"og:description\" content=\"\u00dcber die ORMO PRINT Die ORMO PRINT setzt sich aus einer Gruppe von Fachleuten zusammen, die sich seit 1994 mit der Entwicklung von Beschichtungen auf Glas besch\u00e4ftigt. Der Schwerpunkt der Entwicklung lag damals auf farbige Schichten f\u00fcr die Glasdekoration. Mit der Zeit hat sich unser Spektrum an Beschichtungstypen erweitert. Die meisten unserer Farbbeschichtungen sind als [&hellip;]\" \/>\n<meta property=\"og:url\" content=\"https:\/\/www.ormoprint.de\/de\/unternehmen\/\" \/>\n<meta property=\"og:site_name\" content=\"Ormo Print GmbH\" \/>\n<meta property=\"article:modified_time\" content=\"2022-08-02T16:27:32+00:00\" \/>\n<meta name=\"twitter:card\" content=\"summary_large_image\" \/>\n<script type=\"application\/ld+json\" class=\"yoast-schema-graph\">{\"@context\":\"https:\/\/schema.org\",\"@graph\":[{\"@type\":\"WebPage\",\"@id\":\"https:\/\/www.ormoprint.de\/unternehmen\/\",\"url\":\"https:\/\/www.ormoprint.de\/unternehmen\/\",\"name\":\"Geschichte der ORMO Print GmbH\",\"isPartOf\":{\"@id\":\"https:\/\/www.ormoprint.de\/de\/#website\"},\"datePublished\":\"2022-07-11T11:56:38+00:00\",\"dateModified\":\"2022-08-02T16:27:32+00:00\",\"breadcrumb\":{\"@id\":\"https:\/\/www.ormoprint.de\/unternehmen\/#breadcrumb\"},\"inLanguage\":\"de\",\"potentialAction\":[{\"@type\":\"ReadAction\",\"target\":[\"https:\/\/www.ormoprint.de\/unternehmen\/\"]}]},{\"@type\":\"BreadcrumbList\",\"@id\":\"https:\/\/www.ormoprint.de\/unternehmen\/#breadcrumb\",\"itemListElement\":[{\"@type\":\"ListItem\",\"position\":1,\"name\":\"Home\",\"item\":\"https:\/\/www.ormoprint.de\/de\/\"},{\"@type\":\"ListItem\",\"position\":2,\"name\":\"Unternehmen\"}]},{\"@type\":\"WebSite\",\"@id\":\"https:\/\/www.ormoprint.de\/de\/#website\",\"url\":\"https:\/\/www.ormoprint.de\/de\/\",\"name\":\"Ormo Print GmbH\",\"description\":\"Glasdekoration und Glasveredelung\",\"publisher\":{\"@id\":\"https:\/\/www.ormoprint.de\/de\/#organization\"},\"potentialAction\":[{\"@type\":\"SearchAction\",\"target\":{\"@type\":\"EntryPoint\",\"urlTemplate\":\"https:\/\/www.ormoprint.de\/de\/?s={search_term_string}\"},\"query-input\":\"required name=search_term_string\"}],\"inLanguage\":\"de\"},{\"@type\":\"Organization\",\"@id\":\"https:\/\/www.ormoprint.de\/de\/#organization\",\"name\":\"ORMO Print GmbH\",\"url\":\"https:\/\/www.ormoprint.de\/de\/\",\"sameAs\":[],\"logo\":{\"@type\":\"ImageObject\",\"inLanguage\":\"de\",\"@id\":\"https:\/\/www.ormoprint.de\/de\/#\/schema\/logo\/image\/\",\"url\":\"https:\/\/ormoprint.gmeiner.de\/wp-content\/uploads\/2022\/07\/logo_web.png\",\"contentUrl\":\"https:\/\/ormoprint.gmeiner.de\/wp-content\/uploads\/2022\/07\/logo_web.png\",\"width\":191,\"height\":100,\"caption\":\"ORMO Print GmbH\"},\"image\":{\"@id\":\"https:\/\/www.ormoprint.de\/de\/#\/schema\/logo\/image\/\"}}]}<\/script>\n<!-- \/ Yoast SEO plugin. -->","yoast_head_json":{"title":"Geschichte der ORMO Print GmbH","robots":{"index":"index","follow":"follow","max-snippet":"max-snippet:-1","max-image-preview":"max-image-preview:large","max-video-preview":"max-video-preview:-1"},"canonical":"https:\/\/www.ormoprint.de\/de\/unternehmen\/","og_locale":"de_DE","og_type":"article","og_title":"Geschichte der ORMO Print GmbH","og_description":"\u00dcber die ORMO PRINT Die ORMO PRINT setzt sich aus einer Gruppe von Fachleuten zusammen, die sich seit 1994 mit der Entwicklung von Beschichtungen auf Glas besch\u00e4ftigt. Der Schwerpunkt der Entwicklung lag damals auf farbige Schichten f\u00fcr die Glasdekoration. Mit der Zeit hat sich unser Spektrum an Beschichtungstypen erweitert. Die meisten unserer Farbbeschichtungen sind als [&hellip;]","og_url":"https:\/\/www.ormoprint.de\/de\/unternehmen\/","og_site_name":"Ormo Print GmbH","article_modified_time":"2022-08-02T16:27:32+00:00","twitter_card":"summary_large_image","schema":{"@context":"https:\/\/schema.org","@graph":[{"@type":"WebPage","@id":"https:\/\/www.ormoprint.de\/unternehmen\/","url":"https:\/\/www.ormoprint.de\/unternehmen\/","name":"Geschichte der ORMO Print GmbH","isPartOf":{"@id":"https:\/\/www.ormoprint.de\/de\/#website"},"datePublished":"2022-07-11T11:56:38+00:00","dateModified":"2022-08-02T16:27:32+00:00","breadcrumb":{"@id":"https:\/\/www.ormoprint.de\/unternehmen\/#breadcrumb"},"inLanguage":"de","potentialAction":[{"@type":"ReadAction","target":["https:\/\/www.ormoprint.de\/unternehmen\/"]}]},{"@type":"BreadcrumbList","@id":"https:\/\/www.ormoprint.de\/unternehmen\/#breadcrumb","itemListElement":[{"@type":"ListItem","position":1,"name":"Home","item":"https:\/\/www.ormoprint.de\/de\/"},{"@type":"ListItem","position":2,"name":"Unternehmen"}]},{"@type":"WebSite","@id":"https:\/\/www.ormoprint.de\/de\/#website","url":"https:\/\/www.ormoprint.de\/de\/","name":"Ormo Print GmbH","description":"Glasdekoration und Glasveredelung","publisher":{"@id":"https:\/\/www.ormoprint.de\/de\/#organization"},"potentialAction":[{"@type":"SearchAction","target":{"@type":"EntryPoint","urlTemplate":"https:\/\/www.ormoprint.de\/de\/?s={search_term_string}"},"query-input":"required name=search_term_string"}],"inLanguage":"de"},{"@type":"Organization","@id":"https:\/\/www.ormoprint.de\/de\/#organization","name":"ORMO Print GmbH","url":"https:\/\/www.ormoprint.de\/de\/","sameAs":[],"logo":{"@type":"ImageObject","inLanguage":"de","@id":"https:\/\/www.ormoprint.de\/de\/#\/schema\/logo\/image\/","url":"https:\/\/ormoprint.gmeiner.de\/wp-content\/uploads\/2022\/07\/logo_web.png","contentUrl":"https:\/\/ormoprint.gmeiner.de\/wp-content\/uploads\/2022\/07\/logo_web.png","width":191,"height":100,"caption":"ORMO Print GmbH"},"image":{"@id":"https:\/\/www.ormoprint.de\/de\/#\/schema\/logo\/image\/"}}]}},"_links":{"self":[{"href":"https:\/\/www.ormoprint.de\/de\/wp-json\/wp\/v2\/pages\/883","targetHints":{"allow":["GET"]}}],"collection":[{"href":"https:\/\/www.ormoprint.de\/de\/wp-json\/wp\/v2\/pages"}],"about":[{"href":"https:\/\/www.ormoprint.de\/de\/wp-json\/wp\/v2\/types\/page"}],"author":[{"embeddable":true,"href":"https:\/\/www.ormoprint.de\/de\/wp-json\/wp\/v2\/users\/1"}],"replies":[{"embeddable":true,"href":"https:\/\/www.ormoprint.de\/de\/wp-json\/wp\/v2\/comments?post=883"}],"version-history":[{"count":27,"href":"https:\/\/www.ormoprint.de\/de\/wp-json\/wp\/v2\/pages\/883\/revisions"}],"predecessor-version":[{"id":1913,"href":"https:\/\/www.ormoprint.de\/de\/wp-json\/wp\/v2\/pages\/883\/revisions\/1913"}],"wp:attachment":[{"href":"https:\/\/www.ormoprint.de\/de\/wp-json\/wp\/v2\/media?parent=883"}],"curies":[{"name":"wp","href":"https:\/\/api.w.org\/{rel}","templated":true}]}}