{"id":211,"date":"2022-04-15T14:20:28","date_gmt":"2022-04-15T12:20:28","guid":{"rendered":"https:\/\/ormoprint.gmeiner.de\/?page_id=211"},"modified":"2022-08-02T18:00:45","modified_gmt":"2022-08-02T16:00:45","slug":"ormoglass","status":"publish","type":"page","link":"https:\/\/www.ormoprint.de\/en\/ormoglass\/","title":{"rendered":"ORMOGLASS"},"content":{"rendered":"<p>[et_pb_section fb_built=&#8220;1&#8243; admin_label=&#8220;Header&#8220; _builder_version=&#8220;4.17.6&#8243; _module_preset=&#8220;default&#8220; use_background_color_gradient=&#8220;on&#8220; background_color_gradient_stops=&#8220;rgba(119,199,244,0.45) 0%|rgba(17,17,53,0.53) 100%&#8220; background_color_gradient_overlays_image=&#8220;on&#8220; background_image=&#8220;https:\/\/www.ormoprint.de\/wp-content\/uploads\/2022\/07\/Startseite.webp&#8220; background_position=&#8220;center_right&#8220; min_height=&#8220;110px&#8220; custom_margin=&#8220;||50px|||&#8220; custom_padding=&#8220;0px||0px||true|false&#8220; background_last_edited=&#8220;on|tablet&#8220; background_image_tablet=&#8220;https:\/\/www.ormoprint.de\/wp-content\/uploads\/2022\/07\/Startseite-1200&#215;801.webp&#8220; background_image_phone=&#8220;https:\/\/www.ormoprint.de\/wp-content\/uploads\/2022\/07\/Startseite-1200&#215;801.webp&#8220; background_enable_image_tablet=&#8220;on&#8220; background_enable_image_phone=&#8220;on&#8220; global_colors_info=&#8220;{}&#8220;][et_pb_row _builder_version=&#8220;4.17.4&#8243; _module_preset=&#8220;default&#8220; min_height=&#8220;56px&#8220; custom_margin=&#8220;|auto|||false|false&#8220; custom_margin_tablet=&#8220;&#8220; custom_margin_phone=&#8220;&#8220; custom_margin_last_edited=&#8220;on|desktop&#8220; custom_padding=&#8220;30px||20px||false|false&#8220; global_colors_info=&#8220;{}&#8220;][et_pb_column type=&#8220;4_4&#8243; _builder_version=&#8220;4.17.4&#8243; _module_preset=&#8220;default&#8220; global_colors_info=&#8220;{}&#8220;][et_pb_text _builder_version=&#8220;4.17.5&#8243; _module_preset=&#8220;default&#8220; text_text_color=&#8220;#F7F7F2&#8243; header_font=&#8220;|||||on|||&#8220; header_text_color=&#8220;#F7F7F2&#8243; header_font_size=&#8220;60px&#8220; header_font_size_tablet=&#8220;50px&#8220; header_font_size_phone=&#8220;45px&#8220; header_font_size_last_edited=&#8220;on|tablet&#8220; global_colors_info=&#8220;{}&#8220;]<\/p>\n<h1>Ormoglass<\/h1>\n<p>[\/et_pb_text][\/et_pb_column][\/et_pb_row][\/et_pb_section][et_pb_section fb_built=&#8220;1&#8243; custom_padding_last_edited=&#8220;on|phone&#8220; _builder_version=&#8220;4.17.5&#8243; _module_preset=&#8220;default&#8220; custom_padding=&#8220;20px||150px||false|false&#8220; custom_padding_tablet=&#8220;0px||50px||false|false&#8220; custom_padding_phone=&#8220;0px||50px||false|false&#8220; saved_tabs=&#8220;all&#8220; global_colors_info=&#8220;{}&#8220;][et_pb_row _builder_version=&#8220;4.17.5&#8243; _module_preset=&#8220;default&#8220; width_tablet=&#8220;&#8220; width_phone=&#8220;&#8220; width_last_edited=&#8220;on|phone&#8220; max_width_tablet=&#8220;none&#8220; max_width_phone=&#8220;none&#8220; max_width_last_edited=&#8220;off|desktop&#8220; animation_style=&#8220;slide&#8220; animation_direction=&#8220;bottom&#8220; animation_duration=&#8220;1300ms&#8220; animation_intensity_slide=&#8220;20%&#8220; global_colors_info=&#8220;{}&#8220;][et_pb_column type=&#8220;4_4&#8243; _builder_version=&#8220;4.17.3&#8243; _module_preset=&#8220;default&#8220; global_colors_info=&#8220;{}&#8220;][et_pb_text _builder_version=&#8220;4.17.5&#8243; _module_preset=&#8220;default&#8220; text_font_size=&#8220;25px&#8220; text_line_height=&#8220;1.4em&#8220; header_2_font_size=&#8220;35px&#8220; width=&#8220;100%&#8220; custom_padding=&#8220;||0px||false|false&#8220; text_font_size_tablet=&#8220;20px&#8220; text_font_size_phone=&#8220;18px&#8220; text_font_size_last_edited=&#8220;on|phone&#8220; header_2_font_size_tablet=&#8220;30px&#8220; header_2_font_size_phone=&#8220;25px&#8220; header_2_font_size_last_edited=&#8220;on|phone&#8220; global_colors_info=&#8220;{}&#8220;]<\/p>\n<h2 data-fontsize=\"18\" data-lineheight=\"27\">Produktinformation<span><\/span><\/h2>\n<p style=\"text-align: justify;\">ORMOGLASS kombiniert hartes und transparentes Glas mit dem einfachen Auftragen von organischen Farben. Es bildet eine klare, harte und sehr d\u00fcnne Beschichtung von nicht mehr als 1 bis 3 \u00b5m Dicke. Dadurch entsteht der Eindruck von farbigem Glas.<\/p>\n<p style=\"text-align: justify;\">ORMOGLASS eignet sich neben der dauerhaften Beschichtung von Glas auch f\u00fcr fast alle anderen Oberfl\u00e4chen.<\/p>\n<p style=\"text-align: justify;\">Unsere Beschichtung kann \u00fcber unterschiedliche Applikationsarten aufgetragen werden, wird gebrauchsfertig geliefert und kann ohne weitere Verd\u00fcnnung aufgetragen werden. Falls eine Verd\u00fcnnung gew\u00fcnscht wird, sind geeignete Verd\u00fcnnungen erh\u00e4ltlich.<\/p>\n<p style=\"text-align: justify;\">Neben unserer ORMOGLASS Farbbeschichtung bieten wir auch bef\u00fcllbare Filzstifte und HST (<span>Heat Soak Test) Pr\u00fcfstifte an.<\/span><\/p>\n<p>[\/et_pb_text][\/et_pb_column][\/et_pb_row][et_pb_row column_structure=&#8220;1_2,1_2&#8243; _builder_version=&#8220;4.17.5&#8243; _module_preset=&#8220;default&#8220; custom_margin=&#8220;150px||||false|false&#8220; custom_margin_tablet=&#8220;100px||||false|false&#8220; custom_margin_phone=&#8220;100px||||false|false&#8220; custom_margin_last_edited=&#8220;on|phone&#8220; global_colors_info=&#8220;{}&#8220;][et_pb_column type=&#8220;1_2&#8243; _builder_version=&#8220;4.17.4&#8243; _module_preset=&#8220;default&#8220; global_colors_info=&#8220;{}&#8220;][et_pb_image src=&#8220;https:\/\/www.ormoprint.de\/wp-content\/uploads\/2022\/07\/ORMOGLASS-Farbbeschichtung-1200&#215;1200.webp&#8220; alt=&#8220;ORMOGLASS-Farbbeschichtung&#8220; title_text=&#8220;ORMOGLASS-Farbbeschichtung von ORMO Print GmbH&#8220; url=&#8220;@ET-DC@eyJkeW5hbWljIjp0cnVlLCJjb250ZW50IjoicG9zdF9saW5rX3VybF9wYWdlIiwic2V0dGluZ3MiOnsicG9zdF9pZCI6IjMxNyJ9fQ==@&#8220; align=&#8220;center&#8220; src_tablet=&#8220;https:\/\/www.ormoprint.de\/wp-content\/uploads\/2022\/07\/ORMOGLASS-Farbbeschichtung-1200&#215;1200.webp&#8220; src_phone=&#8220;https:\/\/www.ormoprint.de\/wp-content\/uploads\/2022\/07\/ORMOGLASS-Farbbeschichtung-300&#215;300.webp&#8220; src_last_edited=&#8220;on|phone&#8220; _builder_version=&#8220;4.17.6&#8243; _dynamic_attributes=&#8220;url&#8220; _module_preset=&#8220;default&#8220; global_colors_info=&#8220;{}&#8220;][\/et_pb_image][et_pb_text admin_label=&#8220;ORMOGLASS Farbbeschichtung&#8220; _builder_version=&#8220;4.17.6&#8243; _dynamic_attributes=&#8220;link_option_url&#8220; _module_preset=&#8220;default&#8220; text_orientation=&#8220;center&#8220; link_option_url=&#8220;@ET-DC@eyJkeW5hbWljIjp0cnVlLCJjb250ZW50IjoicG9zdF9saW5rX3VybF9wYWdlIiwic2V0dGluZ3MiOnsicG9zdF9pZCI6IjMxNyJ9fQ==@&#8220; global_colors_info=&#8220;{}&#8220;]<\/p>\n<h1>ORMOGLASS Farbbeschichtung<\/h1>\n<p>[\/et_pb_text][\/et_pb_column][et_pb_column type=&#8220;1_2&#8243; _builder_version=&#8220;4.17.4&#8243; _module_preset=&#8220;default&#8220; global_colors_info=&#8220;{}&#8220;][et_pb_image src=&#8220;https:\/\/www.ormoprint.de\/wp-content\/uploads\/2022\/07\/ORMOGLASS-HSTQuadrat-1200&#215;1200.webp&#8220; alt=&#8220;ORMOGLASS HST Pr\u00fcfstift&#8220; title_text=&#8220;ORMOGLASS HST Pr\u00fcfstift von ORMO Print GmbH&#8220; url=&#8220;@ET-DC@eyJkeW5hbWljIjp0cnVlLCJjb250ZW50IjoicG9zdF9saW5rX3VybF9wYWdlIiwic2V0dGluZ3MiOnsicG9zdF9pZCI6IjMxMyJ9fQ==@&#8220; align=&#8220;center&#8220; src_tablet=&#8220;https:\/\/www.ormoprint.de\/wp-content\/uploads\/2022\/07\/ORMOGLASS-HSTQuadrat-1200&#215;1200.webp&#8220; src_phone=&#8220;https:\/\/www.ormoprint.de\/wp-content\/uploads\/2022\/07\/ORMOGLASS-HSTQuadrat-300&#215;300.webp&#8220; src_last_edited=&#8220;on|phone&#8220; _builder_version=&#8220;4.17.6&#8243; _dynamic_attributes=&#8220;url&#8220; _module_preset=&#8220;default&#8220; width=&#8220;100%&#8220; global_colors_info=&#8220;{}&#8220;][\/et_pb_image][et_pb_text admin_label=&#8220;ORMOGLASS HST Pr\u00fcfstift&#8220; _builder_version=&#8220;4.17.6&#8243; _dynamic_attributes=&#8220;link_option_url&#8220; _module_preset=&#8220;default&#8220; text_orientation=&#8220;center&#8220; link_option_url=&#8220;@ET-DC@eyJkeW5hbWljIjp0cnVlLCJjb250ZW50IjoicG9zdF9saW5rX3VybF9wYWdlIiwic2V0dGluZ3MiOnsicG9zdF9pZCI6IjMxMyJ9fQ==@&#8220; global_colors_info=&#8220;{}&#8220;]<\/p>\n<h1>ORMOGLASS HST Pr\u00fcfstift<\/h1>\n<p>[\/et_pb_text][\/et_pb_column][\/et_pb_row][\/et_pb_section][et_pb_section fb_built=&#8220;1&#8243; custom_padding_last_edited=&#8220;on|desktop&#8220; admin_label=&#8220;Other Recent Works Section&#8220; _builder_version=&#8220;4.17.5&#8243; _module_preset=&#8220;default&#8220; background_enable_color=&#8220;off&#8220; min_height=&#8220;599.6px&#8220; custom_margin=&#8220;||||false|false&#8220; custom_padding=&#8220;150px||250px||false|false&#8220; custom_padding_tablet=&#8220;150px||150px||false|false&#8220; custom_padding_phone=&#8220;100px||150px||false|false&#8220; saved_tabs=&#8220;all&#8220; locked=&#8220;off&#8220; global_colors_info=&#8220;{}&#8220;][et_pb_row custom_padding_last_edited=&#8220;off|desktop&#8220; admin_label=&#8220;Service Section Title&#8220; _builder_version=&#8220;4.17.5&#8243; _module_preset=&#8220;default&#8220; background_size=&#8220;initial&#8220; background_position=&#8220;top_left&#8220; background_repeat=&#8220;repeat&#8220; width=&#8220;auto&#8220; custom_margin=&#8220;0px|auto|100px|auto|false|false&#8220; custom_margin_tablet=&#8220;0px|auto|0px|auto|false|false&#8220; custom_margin_phone=&#8220;-1px|auto|0px|auto|false|false&#8220; custom_margin_last_edited=&#8220;on|phone&#8220; custom_padding=&#8220;|0px|||false|false&#8220; custom_padding_tablet=&#8220;|0px|0px||false|false&#8220; custom_padding_phone=&#8220;|0px|0px||false|false&#8220; animation_style=&#8220;fade&#8220; animation_direction=&#8220;top&#8220; global_colors_info=&#8220;{}&#8220;][et_pb_column type=&#8220;4_4&#8243; _builder_version=&#8220;4.16&#8243; _module_preset=&#8220;default&#8220; custom_padding=&#8220;|||&#8220; global_colors_info=&#8220;{}&#8220; custom_padding__hover=&#8220;|||&#8220;][et_pb_text content_tablet=&#8220;<\/p>\n<h1><strong><span style=%22color: #1e1939;%22>WEITERE ORMOSOL-PRODUKTE<\/span><\/strong><\/h1>\n<p>&#8220; content_phone=&#8220;<\/p>\n<p style=%22text-align: center;%22><strong><span style=%22color: #1e1939;%22>WEITERE <\/span><\/strong><\/p>\n<p style=%22text-align: center;%22><strong><span style=%22color: #1e1939;%22>ORMOSOL-PRODUKTE<\/span><\/strong><\/p>\n<p>&#8220; content_last_edited=&#8220;off|desktop&#8220; admin_label=&#8220;Title&#8220; _builder_version=&#8220;4.17.5&#8243; _module_preset=&#8220;default&#8220; text_font=&#8220;||||||||&#8220; text_text_color=&#8220;#2C293D&#8220; text_font_size=&#8220;16px&#8220; header_font=&#8220;||||||||&#8220; header_text_color=&#8220;#060735&#8243; header_font_size=&#8220;40px&#8220; header_2_font=&#8220;|700||on|||||&#8220; header_2_text_color=&#8220;#fcd21d&#8220; header_2_font_size=&#8220;50px&#8220; header_2_line_height=&#8220;1.3em&#8220; background_size=&#8220;initial&#8220; background_position=&#8220;top_left&#8220; background_repeat=&#8220;repeat&#8220; text_orientation=&#8220;center&#8220; max_width=&#8220;700px&#8220; module_alignment=&#8220;center&#8220; custom_margin_tablet=&#8220;&#8220; custom_margin_phone=&#8220;||50px||false|false&#8220; custom_margin_last_edited=&#8220;on|phone&#8220; animation_style=&#8220;slide&#8220; animation_direction=&#8220;bottom&#8220; animation_intensity_slide=&#8220;4%&#8220; text_font_size_tablet=&#8220;16px&#8220; text_font_size_phone=&#8220;28px&#8220; text_font_size_last_edited=&#8220;on|phone&#8220; text_line_height_tablet=&#8220;1.7em&#8220; text_line_height_phone=&#8220;0.7em&#8220; text_line_height_last_edited=&#8220;on|phone&#8220; header_font_size_tablet=&#8220;35px&#8220; header_font_size_phone=&#8220;&#8220; header_font_size_last_edited=&#8220;on|phone&#8220; header_2_font_size_tablet=&#8220;&#8220; header_2_font_size_phone=&#8220;&#8220; header_2_font_size_last_edited=&#8220;on|desktop&#8220; global_colors_info=&#8220;{}&#8220;]<\/p>\n<h1><strong><span style=\"color: #1e1939;\">WEITERE\u00a0 ORMO PRINT-PRODUKTE<\/span><\/strong><\/h1>\n<p>[\/et_pb_text][\/et_pb_column][\/et_pb_row][et_pb_row column_structure=&#8220;1_3,1_3,1_3&#8243; use_custom_gutter=&#8220;on&#8220; gutter_width=&#8220;2&#8243; admin_label=&#8220;Other Recent Works Area&#8220; _builder_version=&#8220;4.17.4&#8243; _module_preset=&#8220;default&#8220; background_size=&#8220;initial&#8220; background_position=&#8220;top_left&#8220; background_repeat=&#8220;repeat&#8220; max_width=&#8220;68.9%&#8220; min_height=&#8220;268px&#8220; custom_margin=&#8220;|auto|||false|false&#8220; use_custom_width=&#8220;on&#8220; width_unit=&#8220;off&#8220; global_colors_info=&#8220;{}&#8220;][et_pb_column type=&#8220;1_3&#8243; _builder_version=&#8220;4.16&#8243; _module_preset=&#8220;default&#8220; custom_padding=&#8220;|||&#8220; global_colors_info=&#8220;{}&#8220; custom_padding__hover=&#8220;|||&#8220;][et_pb_image src=&#8220;https:\/\/www.ormoprint.de\/wp-content\/uploads\/2022\/07\/ORMOSOL-1200&#215;1200.webp&#8220; alt=&#8220;ORMOSOL Sol Gel Beschichtung f\u00fcr Glas&#8220; title_text=&#8220;ORMOSOL Sol Gel Beschichtung von ORMO Print GmbH&#8220; url=&#8220;@ET-DC@eyJkeW5hbWljIjp0cnVlLCJjb250ZW50IjoicG9zdF9saW5rX3VybF9wYWdlIiwic2V0dGluZ3MiOnsicG9zdF9pZCI6IjIwOSJ9fQ==@&#8220; use_overlay=&#8220;on&#8220; overlay_icon_color=&#8220;RGBA(255,255,255,0)&#8220; hover_overlay_color=&#8220;RGBA(30,25,57,0.69)&#8220; hover_icon=&#8220;&#x24;||divi||400&#8243; align=&#8220;center&#8220; src_tablet=&#8220;https:\/\/www.ormoprint.de\/wp-content\/uploads\/2022\/07\/ORMOSOL-300&#215;300.webp&#8220; src_phone=&#8220;https:\/\/www.ormoprint.de\/wp-content\/uploads\/2022\/07\/ORMOSOL-300&#215;300.webp&#8220; src_last_edited=&#8220;on|phone&#8220; align_tablet=&#8220;center&#8220; align_phone=&#8220;center&#8220; align_last_edited=&#8220;on|desktop&#8220; admin_label=&#8220;ORMOSOL&#8220; _builder_version=&#8220;4.17.6&#8243; _dynamic_attributes=&#8220;url&#8220; _module_preset=&#8220;default&#8220; custom_margin=&#8220;||||false|false&#8220; custom_padding=&#8220;||0px|||&#8220; animation_style=&#8220;zoom&#8220; animation_intensity_zoom=&#8220;10%&#8220; animation_starting_opacity=&#8220;100%&#8220; hover_enabled=&#8220;0&#8243; global_colors_info=&#8220;{}&#8220; sticky_enabled=&#8220;0&#8243;][\/et_pb_image][et_pb_text admin_label=&#8220;ORMOSOL&#8220; _builder_version=&#8220;4.17.6&#8243; _dynamic_attributes=&#8220;link_option_url&#8220; _module_preset=&#8220;default&#8220; header_3_font_size=&#8220;20px&#8220; header_4_font_size=&#8220;20px&#8220; text_orientation=&#8220;center&#8220; width=&#8220;100%&#8220; custom_margin=&#8220;20px||||false|false&#8220; link_option_url=&#8220;@ET-DC@eyJkeW5hbWljIjp0cnVlLCJjb250ZW50IjoicG9zdF9saW5rX3VybF9wYWdlIiwic2V0dGluZ3MiOnsicG9zdF9pZCI6IjIwOSJ9fQ==@&#8220; text_orientation_tablet=&#8220;&#8220; text_orientation_phone=&#8220;center&#8220; text_orientation_last_edited=&#8220;on|phone&#8220; global_colors_info=&#8220;{}&#8220;]<\/p>\n<h4>ORMOSOL<\/h4>\n<p>[\/et_pb_text][\/et_pb_column][et_pb_column type=&#8220;1_3&#8243; _builder_version=&#8220;4.16&#8243; _module_preset=&#8220;default&#8220; custom_padding=&#8220;|||&#8220; global_colors_info=&#8220;{}&#8220; custom_padding__hover=&#8220;|||&#8220;][et_pb_image src=&#8220;https:\/\/www.ormoprint.de\/wp-content\/uploads\/2022\/07\/Ormojet-1200&#215;1200.webp&#8220; alt=&#8220;OMROJET INKJET Serie 7.0025 f\u00fcr Digitaldruck&#8220; title_text=&#8220;OMROJET INKJET Serie 7.0025 von ORMO Print GmbH&#8220; url=&#8220;@ET-DC@eyJkeW5hbWljIjp0cnVlLCJjb250ZW50IjoicG9zdF9saW5rX3VybF9wYWdlIiwic2V0dGluZ3MiOnsicG9zdF9pZCI6IjIxMyJ9fQ==@&#8220; use_overlay=&#8220;on&#8220; overlay_icon_color=&#8220;RGBA(255,255,255,0)&#8220; hover_overlay_color=&#8220;RGBA(30,25,57,0.69)&#8220; hover_icon=&#8220;&#x24;||divi||400&#8243; align=&#8220;center&#8220; src_tablet=&#8220;https:\/\/www.ormoprint.de\/wp-content\/uploads\/2022\/07\/Ormojet-300&#215;300.webp&#8220; src_phone=&#8220;https:\/\/www.ormoprint.de\/wp-content\/uploads\/2022\/07\/Ormojet-300&#215;300.webp&#8220; src_last_edited=&#8220;on|phone&#8220; align_tablet=&#8220;center&#8220; align_phone=&#8220;center&#8220; align_last_edited=&#8220;on|desktop&#8220; admin_label=&#8220;ORMOJET INKJET&#8220; _builder_version=&#8220;4.17.6&#8243; _dynamic_attributes=&#8220;url&#8220; _module_preset=&#8220;default&#8220; custom_margin=&#8220;||||false|false&#8220; custom_padding=&#8220;||0px|||&#8220; animation_style=&#8220;zoom&#8220; animation_intensity_zoom=&#8220;10%&#8220; animation_starting_opacity=&#8220;100%&#8220; hover_enabled=&#8220;0&#8243; global_colors_info=&#8220;{}&#8220; sticky_enabled=&#8220;0&#8243;][\/et_pb_image][et_pb_text admin_label=&#8220;ORMOJET INKJET&#8220; _builder_version=&#8220;4.17.6&#8243; _dynamic_attributes=&#8220;link_option_url&#8220; _module_preset=&#8220;default&#8220; header_3_font_size=&#8220;20px&#8220; header_4_font_size=&#8220;20px&#8220; text_orientation=&#8220;center&#8220; width=&#8220;100%&#8220; custom_margin=&#8220;20px||||false|false&#8220; custom_padding=&#8220;|0px||||&#8220; link_option_url=&#8220;@ET-DC@eyJkeW5hbWljIjp0cnVlLCJjb250ZW50IjoicG9zdF9saW5rX3VybF9wYWdlIiwic2V0dGluZ3MiOnsicG9zdF9pZCI6IjIxMyJ9fQ==@&#8220; global_colors_info=&#8220;{}&#8220;]<\/p>\n<h3>ORMOJET INKJET<\/h3>\n<p>[\/et_pb_text][\/et_pb_column][et_pb_column type=&#8220;1_3&#8243; _builder_version=&#8220;4.16&#8243; _module_preset=&#8220;default&#8220; custom_padding=&#8220;|||&#8220; global_colors_info=&#8220;{}&#8220; custom_padding__hover=&#8220;|||&#8220;][et_pb_image src=&#8220;https:\/\/www.ormoprint.de\/wp-content\/uploads\/2022\/07\/ORMOTEX.webp&#8220; title_text=&#8220;ORMOTEX von ORMO Print GmbH&#8220; url=&#8220;@ET-DC@eyJkeW5hbWljIjp0cnVlLCJjb250ZW50IjoicG9zdF9saW5rX3VybF9wYWdlIiwic2V0dGluZ3MiOnsicG9zdF9pZCI6IjIxNSJ9fQ==@&#8220; use_overlay=&#8220;on&#8220; overlay_icon_color=&#8220;RGBA(255,255,255,0)&#8220; hover_overlay_color=&#8220;RGBA(30,25,57,0.69)&#8220; hover_icon=&#8220;&#x24;||divi||400&#8243; align=&#8220;center&#8220; src_tablet=&#8220;https:\/\/www.ormoprint.de\/wp-content\/uploads\/2022\/07\/ORMOTEX-300&#215;300.webp&#8220; src_phone=&#8220;https:\/\/www.ormoprint.de\/wp-content\/uploads\/2022\/07\/ORMOTEX-300&#215;300.webp&#8220; src_last_edited=&#8220;on|phone&#8220; align_tablet=&#8220;center&#8220; align_phone=&#8220;center&#8220; align_last_edited=&#8220;on|desktop&#8220; admin_label=&#8220;ORMOTEX&#8220; _builder_version=&#8220;4.17.6&#8243; _dynamic_attributes=&#8220;url&#8220; _module_preset=&#8220;default&#8220; custom_margin=&#8220;||||false|false&#8220; custom_padding=&#8220;||0px|||&#8220; animation_style=&#8220;zoom&#8220; animation_intensity_zoom=&#8220;10%&#8220; animation_starting_opacity=&#8220;100%&#8220; hover_enabled=&#8220;0&#8243; global_colors_info=&#8220;{}&#8220; sticky_enabled=&#8220;0&#8243;][\/et_pb_image][et_pb_text admin_label=&#8220;ORMOTEX&#8220; _builder_version=&#8220;4.17.6&#8243; _dynamic_attributes=&#8220;link_option_url&#8220; _module_preset=&#8220;default&#8220; header_3_font_size=&#8220;20px&#8220; header_4_font_size=&#8220;20px&#8220; text_orientation=&#8220;center&#8220; width=&#8220;100%&#8220; custom_margin=&#8220;20px||||false|false&#8220; custom_padding=&#8220;|0px||||&#8220; link_option_url=&#8220;@ET-DC@eyJkeW5hbWljIjp0cnVlLCJjb250ZW50IjoicG9zdF9saW5rX3VybF9wYWdlIiwic2V0dGluZ3MiOnsicG9zdF9pZCI6IjIxNSJ9fQ==@&#8220; global_colors_info=&#8220;{}&#8220;]<\/p>\n<h3>ORMOTEX<\/h3>\n<p>[\/et_pb_text][\/et_pb_column][\/et_pb_row][\/et_pb_section]<\/p>\n","protected":false},"excerpt":{"rendered":"<p>OrmoglassProduktinformation ORMOGLASS kombiniert hartes und transparentes Glas mit dem einfachen Auftragen von organischen Farben. Es bildet eine klare, harte und sehr d\u00fcnne Beschichtung von nicht mehr als 1 bis 3 \u00b5m Dicke. Dadurch entsteht der Eindruck von farbigem Glas. ORMOGLASS eignet sich neben der dauerhaften Beschichtung von Glas auch f\u00fcr fast alle anderen Oberfl\u00e4chen. Unsere [&hellip;]<\/p>\n","protected":false},"author":1,"featured_media":0,"parent":0,"menu_order":0,"comment_status":"closed","ping_status":"closed","template":"","meta":{"_et_pb_use_builder":"on","_et_pb_old_content":"","_et_gb_content_width":"","footnotes":""},"class_list":["post-211","page","type-page","status-publish","hentry"],"yoast_head":"<!-- This site is optimized with the Yoast SEO plugin v19.8 - https:\/\/yoast.com\/wordpress\/plugins\/seo\/ -->\n<title>ORMOGLASS - Sol Gel Beschichtungen f\u00fcr Glas<\/title>\n<meta name=\"description\" content=\"ORMOGLASS erzeugt eine Sol Gel Schicht und eignet sich \u00fcberwiegend zur Glasveredelung.\" \/>\n<meta name=\"robots\" content=\"index, follow, max-snippet:-1, max-image-preview:large, max-video-preview:-1\" \/>\n<link rel=\"canonical\" href=\"https:\/\/www.ormoprint.de\/en\/ormoglass\/\" \/>\n<meta property=\"og:locale\" content=\"en_GB\" \/>\n<meta property=\"og:type\" content=\"article\" \/>\n<meta property=\"og:title\" content=\"ORMOGLASS - Sol Gel Beschichtungen f\u00fcr Glas\" \/>\n<meta property=\"og:description\" content=\"ORMOGLASS erzeugt eine Sol Gel Schicht und eignet sich \u00fcberwiegend zur Glasveredelung.\" \/>\n<meta property=\"og:url\" content=\"https:\/\/www.ormoprint.de\/en\/ormoglass\/\" \/>\n<meta property=\"og:site_name\" content=\"Ormo Print GmbH\" \/>\n<meta property=\"article:modified_time\" content=\"2022-08-02T16:00:45+00:00\" \/>\n<meta name=\"twitter:card\" content=\"summary_large_image\" \/>\n<script type=\"application\/ld+json\" class=\"yoast-schema-graph\">{\"@context\":\"https:\/\/schema.org\",\"@graph\":[{\"@type\":\"WebPage\",\"@id\":\"https:\/\/www.ormoprint.de\/ormoglass\/\",\"url\":\"https:\/\/www.ormoprint.de\/ormoglass\/\",\"name\":\"ORMOGLASS - Sol Gel Beschichtungen f\u00fcr Glas\",\"isPartOf\":{\"@id\":\"https:\/\/www.ormoprint.de\/de\/#website\"},\"datePublished\":\"2022-04-15T12:20:28+00:00\",\"dateModified\":\"2022-08-02T16:00:45+00:00\",\"description\":\"ORMOGLASS erzeugt eine Sol Gel Schicht und eignet sich \u00fcberwiegend zur Glasveredelung.\",\"breadcrumb\":{\"@id\":\"https:\/\/www.ormoprint.de\/ormoglass\/#breadcrumb\"},\"inLanguage\":\"en-GB\",\"potentialAction\":[{\"@type\":\"ReadAction\",\"target\":[\"https:\/\/www.ormoprint.de\/ormoglass\/\"]}]},{\"@type\":\"BreadcrumbList\",\"@id\":\"https:\/\/www.ormoprint.de\/ormoglass\/#breadcrumb\",\"itemListElement\":[{\"@type\":\"ListItem\",\"position\":1,\"name\":\"Home\",\"item\":\"https:\/\/www.ormoprint.de\/de\/\"},{\"@type\":\"ListItem\",\"position\":2,\"name\":\"ORMOGLASS\"}]},{\"@type\":\"WebSite\",\"@id\":\"https:\/\/www.ormoprint.de\/de\/#website\",\"url\":\"https:\/\/www.ormoprint.de\/de\/\",\"name\":\"Ormo Print GmbH\",\"description\":\"Glasdekoration und Glasveredelung\",\"publisher\":{\"@id\":\"https:\/\/www.ormoprint.de\/de\/#organization\"},\"potentialAction\":[{\"@type\":\"SearchAction\",\"target\":{\"@type\":\"EntryPoint\",\"urlTemplate\":\"https:\/\/www.ormoprint.de\/de\/?s={search_term_string}\"},\"query-input\":\"required name=search_term_string\"}],\"inLanguage\":\"en-GB\"},{\"@type\":\"Organization\",\"@id\":\"https:\/\/www.ormoprint.de\/de\/#organization\",\"name\":\"ORMO Print GmbH\",\"url\":\"https:\/\/www.ormoprint.de\/de\/\",\"sameAs\":[],\"logo\":{\"@type\":\"ImageObject\",\"inLanguage\":\"en-GB\",\"@id\":\"https:\/\/www.ormoprint.de\/de\/#\/schema\/logo\/image\/\",\"url\":\"https:\/\/ormoprint.gmeiner.de\/wp-content\/uploads\/2022\/07\/logo_web.png\",\"contentUrl\":\"https:\/\/ormoprint.gmeiner.de\/wp-content\/uploads\/2022\/07\/logo_web.png\",\"width\":191,\"height\":100,\"caption\":\"ORMO Print GmbH\"},\"image\":{\"@id\":\"https:\/\/www.ormoprint.de\/de\/#\/schema\/logo\/image\/\"}}]}<\/script>\n<!-- \/ Yoast SEO plugin. -->","yoast_head_json":{"title":"ORMOGLASS - Sol Gel Beschichtungen f\u00fcr Glas","description":"ORMOGLASS erzeugt eine Sol Gel Schicht und eignet sich \u00fcberwiegend zur Glasveredelung.","robots":{"index":"index","follow":"follow","max-snippet":"max-snippet:-1","max-image-preview":"max-image-preview:large","max-video-preview":"max-video-preview:-1"},"canonical":"https:\/\/www.ormoprint.de\/en\/ormoglass\/","og_locale":"en_GB","og_type":"article","og_title":"ORMOGLASS - Sol Gel Beschichtungen f\u00fcr Glas","og_description":"ORMOGLASS erzeugt eine Sol Gel Schicht und eignet sich \u00fcberwiegend zur Glasveredelung.","og_url":"https:\/\/www.ormoprint.de\/en\/ormoglass\/","og_site_name":"Ormo Print GmbH","article_modified_time":"2022-08-02T16:00:45+00:00","twitter_card":"summary_large_image","schema":{"@context":"https:\/\/schema.org","@graph":[{"@type":"WebPage","@id":"https:\/\/www.ormoprint.de\/ormoglass\/","url":"https:\/\/www.ormoprint.de\/ormoglass\/","name":"ORMOGLASS - Sol Gel Beschichtungen f\u00fcr Glas","isPartOf":{"@id":"https:\/\/www.ormoprint.de\/de\/#website"},"datePublished":"2022-04-15T12:20:28+00:00","dateModified":"2022-08-02T16:00:45+00:00","description":"ORMOGLASS erzeugt eine Sol Gel Schicht und eignet sich \u00fcberwiegend zur Glasveredelung.","breadcrumb":{"@id":"https:\/\/www.ormoprint.de\/ormoglass\/#breadcrumb"},"inLanguage":"en-GB","potentialAction":[{"@type":"ReadAction","target":["https:\/\/www.ormoprint.de\/ormoglass\/"]}]},{"@type":"BreadcrumbList","@id":"https:\/\/www.ormoprint.de\/ormoglass\/#breadcrumb","itemListElement":[{"@type":"ListItem","position":1,"name":"Home","item":"https:\/\/www.ormoprint.de\/de\/"},{"@type":"ListItem","position":2,"name":"ORMOGLASS"}]},{"@type":"WebSite","@id":"https:\/\/www.ormoprint.de\/de\/#website","url":"https:\/\/www.ormoprint.de\/de\/","name":"Ormo Print GmbH","description":"Glasdekoration und Glasveredelung","publisher":{"@id":"https:\/\/www.ormoprint.de\/de\/#organization"},"potentialAction":[{"@type":"SearchAction","target":{"@type":"EntryPoint","urlTemplate":"https:\/\/www.ormoprint.de\/de\/?s={search_term_string}"},"query-input":"required name=search_term_string"}],"inLanguage":"en-GB"},{"@type":"Organization","@id":"https:\/\/www.ormoprint.de\/de\/#organization","name":"ORMO Print GmbH","url":"https:\/\/www.ormoprint.de\/de\/","sameAs":[],"logo":{"@type":"ImageObject","inLanguage":"en-GB","@id":"https:\/\/www.ormoprint.de\/de\/#\/schema\/logo\/image\/","url":"https:\/\/ormoprint.gmeiner.de\/wp-content\/uploads\/2022\/07\/logo_web.png","contentUrl":"https:\/\/ormoprint.gmeiner.de\/wp-content\/uploads\/2022\/07\/logo_web.png","width":191,"height":100,"caption":"ORMO Print GmbH"},"image":{"@id":"https:\/\/www.ormoprint.de\/de\/#\/schema\/logo\/image\/"}}]}},"_links":{"self":[{"href":"https:\/\/www.ormoprint.de\/en\/wp-json\/wp\/v2\/pages\/211","targetHints":{"allow":["GET"]}}],"collection":[{"href":"https:\/\/www.ormoprint.de\/en\/wp-json\/wp\/v2\/pages"}],"about":[{"href":"https:\/\/www.ormoprint.de\/en\/wp-json\/wp\/v2\/types\/page"}],"author":[{"embeddable":true,"href":"https:\/\/www.ormoprint.de\/en\/wp-json\/wp\/v2\/users\/1"}],"replies":[{"embeddable":true,"href":"https:\/\/www.ormoprint.de\/en\/wp-json\/wp\/v2\/comments?post=211"}],"version-history":[{"count":59,"href":"https:\/\/www.ormoprint.de\/en\/wp-json\/wp\/v2\/pages\/211\/revisions"}],"predecessor-version":[{"id":1900,"href":"https:\/\/www.ormoprint.de\/en\/wp-json\/wp\/v2\/pages\/211\/revisions\/1900"}],"wp:attachment":[{"href":"https:\/\/www.ormoprint.de\/en\/wp-json\/wp\/v2\/media?parent=211"}],"curies":[{"name":"wp","href":"https:\/\/api.w.org\/{rel}","templated":true}]}}